{"id":5289,"date":"2025-07-21T11:31:24","date_gmt":"2025-07-21T11:31:24","guid":{"rendered":"https:\/\/giantislandspace.com\/?post_type=product&#038;p=5289"},"modified":"2025-08-21T10:23:52","modified_gmt":"2025-08-21T10:23:52","slug":"rhythmic-lattice","status":"publish","type":"product","link":"https:\/\/giantislandspace.com\/es\/producto\/rhythmic-lattice\/","title":{"rendered":"CELOS\u00cdA R\u00cdTMICA"},"content":{"rendered":"<div class=\"flex flex-row w-full\" data-testid=\"message_content\" data-message-id=\"13089803365835266\">\n<div class=\"w-full\" data-plugin-identifier=\"Symbol(receive-simple-search-content)\">\n<div class=\"container-ZYIsnH flow-markdown-body theme-samantha-Nbr9UN\" dir=\"ltr\" data-testid=\"message_text_content\" data-show-indicator=\"false\">\n<div class=\"auto-hide-last-sibling-br paragraph-JOTKXA paragraph-element br-paragraph-space\">Rhythm Grid es un juego interactivo que combina m\u00fasica y baile. Los jugadores tienen que saltar sobre cuadr\u00edculas espec\u00edficas siguiendo el ritmo de la m\u00fasica y completar una serie de acciones. Este juego no es s\u00f3lo una prueba de tu coordinaci\u00f3n f\u00edsica, sino que tambi\u00e9n te permite liberar estr\u00e9s con alegr\u00eda.<\/div>\n<p><br class=\"container-utlnW2 wrapper-d0Cc1k undefined\" \/><\/p>\n<div class=\"auto-hide-last-sibling-br paragraph-JOTKXA paragraph-element br-paragraph-space\">Las reglas del juego son sencillas. Las cuadr\u00edculas verdes son zonas seguras, las rojas deben evitarse, y pisar una cuadr\u00edcula roja restar\u00e1 un punto. Los jugadores tienen que pisar todas las rejillas azules del campo para pasar al siguiente nivel. Cada nivel se compone de m\u00e1s de una docena de peque\u00f1os niveles, y la dificultad aumenta gradualmente de f\u00e1cil a dif\u00edcil.<\/div>\n<p><br class=\"container-utlnW2 wrapper-d0Cc1k undefined\" \/><\/p>\n<div class=\"auto-hide-last-sibling-br paragraph-JOTKXA paragraph-element br-paragraph-space\">Se trata de un juego multijugador, que no s\u00f3lo es adecuado para la interacci\u00f3n entre padres e hijos, sino tambi\u00e9n para reuniones de amigos y la formaci\u00f3n de equipos de empresa. No s\u00f3lo sirve para ejercitar la coordinaci\u00f3n cerebro-mano de los ni\u00f1os, sino tambi\u00e9n para calentar r\u00e1pidamente la relaci\u00f3n entre parejas. Cuanta m\u00e1s gente haya, m\u00e1s divertido ser\u00e1. Ven e invita a tus amigos a participar.<\/div>\n<\/div>\n<div>\n<div>\n<div class=\"entry-btn-quuvpZ\" data-testid=\"search-reference-ui\">\n<div class=\"flex items-center gap-8 justify-center\"><\/div>\n<\/div>\n<\/div>\n<\/div>\n<\/div>\n<\/div>","protected":false},"excerpt":{"rendered":"<div data-zone-id=\"0\" data-line-index=\"0\" data-line=\"true\">Este juego adopta un dise\u00f1o interactivo multijugador, lo que lo convierte en una excelente opci\u00f3n para el tiempo entre padres e hijos, reuniones de amigos y actividades de formaci\u00f3n de equipos de empresa. Cuando padres e hijos participan juntos, se puede ejercitar la coordinaci\u00f3n mano-ojo de los ni\u00f1os y la velocidad de reacci\u00f3n en la alegr\u00eda y mejorar las relaciones entre padres e hijos.<\/div>","protected":false},"featured_media":5290,"comment_status":"open","ping_status":"closed","template":"","meta":[],"etheme_brands":[],"product_brand":[],"product_cat":[21],"product_tag":[316,315,317,314,313],"class_list":{"0":"post-5289","1":"product","2":"type-product","3":"status-publish","4":"has-post-thumbnail","6":"product_cat-uncategorized","7":"product_tag-and-company-team-building-activities-when-parents-and-children-participate-together","8":"product_tag-friends-gatherings","9":"product_tag-it-can-exercise-childrens-hand-eye-coordination-and-reaction-speed-in-joy-and-enhance-parent-child-relationships","10":"product_tag-making-it-an-excellent-choice-for-parent-child-time","11":"product_tag-this-game-adopts-a-multiplayer-interactive-design","13":"first","14":"instock","15":"shipping-taxable","16":"product-type-simple"},"jetpack_sharing_enabled":true,"_links":{"self":[{"href":"https:\/\/giantislandspace.com\/es\/wp-json\/wp\/v2\/product\/5289","targetHints":{"allow":["GET"]}}],"collection":[{"href":"https:\/\/giantislandspace.com\/es\/wp-json\/wp\/v2\/product"}],"about":[{"href":"https:\/\/giantislandspace.com\/es\/wp-json\/wp\/v2\/types\/product"}],"replies":[{"embeddable":true,"href":"https:\/\/giantislandspace.com\/es\/wp-json\/wp\/v2\/comments?post=5289"}],"version-history":[{"count":1,"href":"https:\/\/giantislandspace.com\/es\/wp-json\/wp\/v2\/product\/5289\/revisions"}],"predecessor-version":[{"id":5291,"href":"https:\/\/giantislandspace.com\/es\/wp-json\/wp\/v2\/product\/5289\/revisions\/5291"}],"wp:featuredmedia":[{"embeddable":true,"href":"https:\/\/giantislandspace.com\/es\/wp-json\/wp\/v2\/media\/5290"}],"wp:attachment":[{"href":"https:\/\/giantislandspace.com\/es\/wp-json\/wp\/v2\/media?parent=5289"}],"wp:term":[{"taxonomy":"brand","embeddable":true,"href":"https:\/\/giantislandspace.com\/es\/wp-json\/wp\/v2\/etheme_brands?post=5289"},{"taxonomy":"product_brand","embeddable":true,"href":"https:\/\/giantislandspace.com\/es\/wp-json\/wp\/v2\/product_brand?post=5289"},{"taxonomy":"product_cat","embeddable":true,"href":"https:\/\/giantislandspace.com\/es\/wp-json\/wp\/v2\/product_cat?post=5289"},{"taxonomy":"product_tag","embeddable":true,"href":"https:\/\/giantislandspace.com\/es\/wp-json\/wp\/v2\/product_tag?post=5289"}],"curies":[{"name":"wp","href":"https:\/\/api.w.org\/{rel}","templated":true}]}}