{"id":5286,"date":"2025-07-21T11:20:33","date_gmt":"2025-07-21T11:20:33","guid":{"rendered":"https:\/\/giantislandspace.com\/?post_type=product&#038;p=5286"},"modified":"2025-09-18T20:19:01","modified_gmt":"2025-09-18T20:19:01","slug":"theme-climbing","status":"publish","type":"product","link":"https:\/\/giantislandspace.com\/es\/producto\/theme-climbing\/","title":{"rendered":"TEMA ESCALADA"},"content":{"rendered":"<div class=\"ace-line\" dir=\"auto\" data-node=\"true\"><span data-leaf=\"true\"><span class=\"lb\">Eleve el cociente de aventura de su local con nuestro <\/span><\/span><span data-leaf=\"true\"><span class=\"lb\">Proyecto tem\u00e1tico de escalada<\/span><\/span><span data-leaf=\"true\"><span class=\"lb\">-una mezcla perfecta de emoci\u00f3n, seguridad y narraci\u00f3n envolvente dise\u00f1ada exclusivamente para centros deportivos, parques de aventura e instalaciones de ocio.<\/span><\/span><span data-string=\"true\" data-enter=\"true\" data-leaf=\"true\">\u200b<\/span><\/div>\n<div class=\"ace-line\" dir=\"auto\" data-node=\"true\"><span data-leaf=\"true\"><span class=\"lb\">M\u00e1s que un roc\u00f3dromo, este proyecto transforma los retos verticales en viajes inolvidables. Cada escalada se convierte en una experiencia narrativa \u00fanica que cautiva a escaladores de todas las edades y niveles de habilidad.<\/span><\/span><span data-string=\"true\" data-enter=\"true\" data-leaf=\"true\">\u200b<\/span><\/div>\n<div class=\"ace-line\" dir=\"auto\" data-node=\"true\"><span data-leaf=\"true\"><span class=\"lb\">La seguridad es nuestra base. La estructura cuenta con presas de escalada de calidad industrial, superficies antideslizantes y sistemas din\u00e1micos de aseguramiento, todos ellos certificados conforme a las normas internacionales de seguridad. Los niveles de dificultad ajustables (desde pendientes aptas para principiantes hasta voladizos de nivel profesional) garantizan que todos, desde los principiantes hasta los escaladores experimentados, encuentren su reto perfecto.<\/span><\/span><span data-string=\"true\" data-enter=\"true\" data-leaf=\"true\">\u200b<\/span><\/div>\n<div class=\"ace-line\" dir=\"auto\" data-node=\"true\"><span data-leaf=\"true\"><span class=\"lb\">Dise\u00f1ados para durar y soportar un tr\u00e1fico intenso, los roc\u00f3dromos est\u00e1n fabricados con materiales resistentes a la intemperie, por lo que son aptos tanto para espacios interiores como exteriores cubiertos. El dise\u00f1o modular permite una f\u00e1cil expansi\u00f3n o actualizaciones tem\u00e1ticas, manteniendo su lugar fresco y atractivo durante todo el a\u00f1o.<\/span><\/span><span data-string=\"true\" data-enter=\"true\" data-leaf=\"true\">\u200b<\/span><\/div>\n<div class=\"ace-line\" dir=\"auto\" data-node=\"true\"><span data-leaf=\"true\"><span class=\"lb\">M\u00e1s all\u00e1 de la actividad f\u00edsica, es un centro para la comunidad y la competici\u00f3n. Organice talleres de escalada, eventos de formaci\u00f3n de equipos o retos tem\u00e1ticos para aumentar el tr\u00e1fico de visitantes y crear recuerdos duraderos. Ideal para familias, amigos y grupos de empresa, convierte el ocio activo en una aventura que merece la pena repetir.<\/span><\/span><span data-string=\"true\" data-enter=\"true\" data-leaf=\"true\">\u200b<\/span><\/div>\n<div class=\"ace-line\" dir=\"auto\" data-node=\"true\"><span data-leaf=\"true\"><span class=\"lb\">D\u00e9 rienda suelta a la emoci\u00f3n de la exploraci\u00f3n vertical. Convierta su espacio en un destino donde cada escalada cuente una historia, con nuestro proyecto de escalada tem\u00e1tica.<\/span><\/span><span data-string=\"true\" data-enter=\"true\" data-leaf=\"true\">\u200b<\/span><\/div>\n<div class=\"ace-line\" dir=\"auto\" data-node=\"true\"><span data-leaf=\"true\"><span class=\"lb\">Escala m\u00e1s all\u00e1 de los l\u00edmites, donde la aventura se une a la imaginaci\u00f3n.<\/span><\/span><span data-string=\"true\" data-enter=\"true\" data-leaf=\"true\">\u200b<\/span><\/div>","protected":false},"excerpt":{"rendered":"<div class=\"ace-line\" dir=\"auto\" data-node=\"true\"><span data-leaf=\"true\"><span class=\"lb\">Nuestro proyecto de escalada tem\u00e1tica combina emoci\u00f3n, seguridad y narraci\u00f3n envolvente para centros deportivos y parques de aventura. Con temas personalizables -paisajes de monta\u00f1a, paisajes urbanos, expediciones forestales- convierte las escaladas en narraciones \u00fanicas. Con agarres de calidad industrial, superficies antideslizantes y sistemas de aseguramiento certificados, garantiza la seguridad en niveles de dificultad ajustables. Construido con materiales modulares resistentes a la intemperie, se adapta al uso en interiores y exteriores y permite actualizaciones sencillas. Perfecto para familias, equipos o talleres, transforma el ocio activo en aventuras repetibles.<\/span><\/span><span data-string=\"true\" data-enter=\"true\" data-leaf=\"true\">\u200b<\/span><\/div>","protected":false},"featured_media":5287,"comment_status":"open","ping_status":"closed","template":"","meta":[],"etheme_brands":[],"product_brand":[],"product_cat":[21],"product_tag":[301,308,288,295,296,184,306,307,298,293,290,294,304,260,297,311,305,242,310,299,292,300,263,312,289,87,302,303,291,309],"class_list":{"0":"post-5286","1":"product","2":"type-product","3":"status-publish","4":"has-post-thumbnail","6":"product_cat-uncategorized","7":"product_tag-active-lifestyle","8":"product_tag-adjustable-difficulty-levels","9":"product_tag-adventure-innovation","10":"product_tag-adventure-leadership","11":"product_tag-adventure-sports","12":"product_tag-adventure-tourism","13":"product_tag-anti-slip-surfaces","14":"product_tag-certified-belay-systems","15":"product_tag-climbing-facilities","16":"product_tag-creative-concepts","17":"product_tag-custom-design-expertise","18":"product_tag-customer-trust","19":"product_tag-customizable-themes","20":"product_tag-durable-engineering","21":"product_tag-indoor-recreation","22":"product_tag-indoor-outdoor-compatibility","23":"product_tag-industrial-grade-holds","24":"product_tag-leisure-industry","25":"product_tag-modular-design","26":"product_tag-outdoor-adventure","27":"product_tag-quality-craftsmanship","28":"product_tag-recreation-equipment","29":"product_tag-reliable-performance","30":"product_tag-repeatable-adventure-experiences","31":"product_tag-safety-excellence","32":"product_tag-sports-entertainment","33":"product_tag-team-building-venues","34":"product_tag-themed-climbing-walls","35":"product_tag-user-centric-solutions","36":"product_tag-weather-resistant-materials","38":"first","39":"instock","40":"shipping-taxable","41":"product-type-simple"},"jetpack_sharing_enabled":true,"_links":{"self":[{"href":"https:\/\/giantislandspace.com\/es\/wp-json\/wp\/v2\/product\/5286","targetHints":{"allow":["GET"]}}],"collection":[{"href":"https:\/\/giantislandspace.com\/es\/wp-json\/wp\/v2\/product"}],"about":[{"href":"https:\/\/giantislandspace.com\/es\/wp-json\/wp\/v2\/types\/product"}],"replies":[{"embeddable":true,"href":"https:\/\/giantislandspace.com\/es\/wp-json\/wp\/v2\/comments?post=5286"}],"version-history":[{"count":1,"href":"https:\/\/giantislandspace.com\/es\/wp-json\/wp\/v2\/product\/5286\/revisions"}],"predecessor-version":[{"id":5288,"href":"https:\/\/giantislandspace.com\/es\/wp-json\/wp\/v2\/product\/5286\/revisions\/5288"}],"wp:featuredmedia":[{"embeddable":true,"href":"https:\/\/giantislandspace.com\/es\/wp-json\/wp\/v2\/media\/5287"}],"wp:attachment":[{"href":"https:\/\/giantislandspace.com\/es\/wp-json\/wp\/v2\/media?parent=5286"}],"wp:term":[{"taxonomy":"brand","embeddable":true,"href":"https:\/\/giantislandspace.com\/es\/wp-json\/wp\/v2\/etheme_brands?post=5286"},{"taxonomy":"product_brand","embeddable":true,"href":"https:\/\/giantislandspace.com\/es\/wp-json\/wp\/v2\/product_brand?post=5286"},{"taxonomy":"product_cat","embeddable":true,"href":"https:\/\/giantislandspace.com\/es\/wp-json\/wp\/v2\/product_cat?post=5286"},{"taxonomy":"product_tag","embeddable":true,"href":"https:\/\/giantislandspace.com\/es\/wp-json\/wp\/v2\/product_tag?post=5286"}],"curies":[{"name":"wp","href":"https:\/\/api.w.org\/{rel}","templated":true}]}}