{"id":5283,"date":"2025-07-21T11:08:27","date_gmt":"2025-07-21T11:08:27","guid":{"rendered":"https:\/\/giantislandspace.com\/?post_type=product&#038;p=5283"},"modified":"2025-09-18T20:19:23","modified_gmt":"2025-09-18T20:19:23","slug":"three-point-basketball","status":"publish","type":"product","link":"https:\/\/giantislandspace.com\/es\/producto\/three-point-basketball\/","title":{"rendered":"BALONCESTO DE TRES PUNTOS"},"content":{"rendered":"<div class=\"ace-line\" dir=\"auto\" data-node=\"true\"><span data-leaf=\"true\"><span class=\"lb\">Transforme sus instalaciones deportivas en un centro de entrenamiento din\u00e1mico con nuestro <\/span><\/span><span data-leaf=\"true\"><span class=\"lb\">M\u00e1quina profesional de baloncesto de 3 puntos<\/span><\/span><span data-leaf=\"true\"><span class=\"lb\">-dise\u00f1ados para ofrecer precisi\u00f3n, durabilidad y un rendimiento inigualable.<\/span><\/span><span data-string=\"true\" data-enter=\"true\" data-leaf=\"true\">\u200b<\/span><\/div>\n<div class=\"ace-line\" dir=\"auto\" data-node=\"true\"><span data-leaf=\"true\"><span class=\"lb\">Dise\u00f1ada exclusivamente para estadios deportivos, gimnasios y centros de entrenamiento, esta m\u00e1quina redefine la forma en que los atletas practican y compiten. Equipada con \u00e1ngulos de tiro ajustables (45\u00b0-90\u00b0) y velocidad del bal\u00f3n personalizable (10-25 km\/h), simula escenarios de juego reales, ayudando a los jugadores a dominar la precisi\u00f3n, la sincronizaci\u00f3n y la memoria muscular. Ya sea para ejercicios de j\u00f3venes, entrenamientos de equipos profesionales o competiciones ocasionales, proporciona tiros consistentes y similares a los de un partido en todo momento.<\/span><\/span><span data-string=\"true\" data-enter=\"true\" data-leaf=\"true\">\u200b<\/span><\/div>\n<div class=\"ace-line\" dir=\"auto\" data-node=\"true\"><span data-leaf=\"true\"><span class=\"lb\">Fabricada para soportar un uso diario intensivo, la m\u00e1quina cuenta con un robusto bastidor de acero, un sistema de alimentaci\u00f3n de bolas resistente al desgaste y tecnolog\u00eda antiatasco, lo que garantiza un funcionamiento perfecto incluso durante sesiones de entrenamiento intensas. Su dise\u00f1o, que ahorra espacio, se adapta sin esfuerzo a las pistas est\u00e1ndar, mientras que el intuitivo panel de control digital permite a los entrenadores ajustar la configuraci\u00f3n en cuesti\u00f3n de segundos, optimizando la eficacia del entrenamiento.<\/span><\/span><span data-string=\"true\" data-enter=\"true\" data-leaf=\"true\">\u200b<\/span><\/div>\n<div class=\"ace-line\" dir=\"auto\" data-node=\"true\"><span data-leaf=\"true\"><span class=\"lb\">La seguridad se une a la funcionalidad: los bordes redondeados, la base estable y la protecci\u00f3n contra sobrecargas garantizan un uso sin preocupaciones para deportistas de todos los niveles. Adem\u00e1s, el dep\u00f3sito de balones de gran capacidad (con capacidad para 50 balones) minimiza las interrupciones y permite que los entrenamientos y los partidos fluyan sin retrasos.<\/span><\/span><span data-string=\"true\" data-enter=\"true\" data-leaf=\"true\">\u200b<\/span><\/div>\n<div class=\"ace-line\" dir=\"auto\" data-node=\"true\"><span data-leaf=\"true\"><span class=\"lb\">M\u00e1s que una herramienta de entrenamiento, es una atracci\u00f3n para el p\u00fablico. Perfecta para organizar concursos de 3 puntos, desaf\u00edos de habilidad o para que los socios participen en rivalidades amistosas, esta m\u00e1quina aumenta la afluencia de p\u00fablico y mejora el atractivo general de su estadio deportivo.<\/span><\/span><span data-string=\"true\" data-enter=\"true\" data-leaf=\"true\">\u200b<\/span><\/div>\n<div class=\"ace-line\" dir=\"auto\" data-node=\"true\"><span data-leaf=\"true\"><span class=\"lb\">Eleve los est\u00e1ndares de entrenamiento, estimule la competici\u00f3n y haga que cada tiro cuente. Actualice hoy mismo sus instalaciones deportivas con el mejor compa\u00f1ero de tiro de 3 puntos.<\/span><\/span><span data-string=\"true\" data-enter=\"true\" data-leaf=\"true\">\u200b<\/span><\/div>\n<div class=\"ace-line\" dir=\"auto\" data-node=\"true\"><span data-leaf=\"true\"><span class=\"lb\">Donde la precisi\u00f3n se une a la pasi\u00f3n: defina su experiencia en la pista.<\/span><\/span><\/div>","protected":false},"excerpt":{"rendered":"<p>Dise\u00f1ada para estadios deportivos, esta m\u00e1quina profesional de baloncesto de 3 puntos mejora el entrenamiento y la competici\u00f3n. Con \u00e1ngulos ajustables (45\u00b0-90\u00b0), velocidad personalizable (10-25 km\/h) y una tolva con capacidad para 50 balones, proporciona tiros consistentes y similares a los del juego para todos los niveles de habilidad. Construido con un robusto armaz\u00f3n de acero, tecnolog\u00eda antiatascos y controles intuitivos, garantiza durabilidad y un funcionamiento perfecto. Perfecto para ejercicios, entrenamientos en equipo o concursos de 3 puntos, aumenta la participaci\u00f3n y transforma la pista en un centro din\u00e1mico.<\/p>","protected":false},"featured_media":5284,"comment_status":"open","ping_status":"closed","template":"","meta":[],"etheme_brands":[],"product_brand":[],"product_cat":[21],"product_tag":[278,281,279,282,272,273,267,276,264,280,260,266,265,277,285,274,270,262,284,259,182,263,286,287,269,275,283,271,268,261],"class_list":{"0":"post-5283","1":"product","2":"type-product","3":"status-publish","4":"has-post-thumbnail","6":"product_cat-uncategorized","7":"product_tag-3-point-basketball-machine","8":"product_tag-50-ball-capacity-hopper","9":"product_tag-adjustable-shooting-angles","10":"product_tag-anti-jam-system","11":"product_tag-athlete-development","12":"product_tag-basketball-training","13":"product_tag-brand-excellence","14":"product_tag-competitive-sports","15":"product_tag-customer-satisfaction","16":"product_tag-customizable-speed-control","17":"product_tag-durable-engineering","18":"product_tag-efficient-service","19":"product_tag-expert-craftsmanship","20":"product_tag-fitness-facilities","21":"product_tag-game-like-shot-simulation","22":"product_tag-gym-equipment","23":"product_tag-indoor-sports","24":"product_tag-innovative-technology","25":"product_tag-intuitive-control-panel","26":"product_tag-professional-quality","27":"product_tag-recreation-industry","28":"product_tag-reliable-performance","29":"product_tag-rugged-durability","30":"product_tag-seamless-operation","31":"product_tag-sports-equipment","32":"product_tag-sports-technology","33":"product_tag-steel-frame-construction","34":"product_tag-training-facilities","35":"product_tag-training-solutions","36":"product_tag-user-centric-design","38":"first","39":"instock","40":"shipping-taxable","41":"product-type-simple"},"jetpack_sharing_enabled":true,"_links":{"self":[{"href":"https:\/\/giantislandspace.com\/es\/wp-json\/wp\/v2\/product\/5283","targetHints":{"allow":["GET"]}}],"collection":[{"href":"https:\/\/giantislandspace.com\/es\/wp-json\/wp\/v2\/product"}],"about":[{"href":"https:\/\/giantislandspace.com\/es\/wp-json\/wp\/v2\/types\/product"}],"replies":[{"embeddable":true,"href":"https:\/\/giantislandspace.com\/es\/wp-json\/wp\/v2\/comments?post=5283"}],"version-history":[{"count":1,"href":"https:\/\/giantislandspace.com\/es\/wp-json\/wp\/v2\/product\/5283\/revisions"}],"predecessor-version":[{"id":5285,"href":"https:\/\/giantislandspace.com\/es\/wp-json\/wp\/v2\/product\/5283\/revisions\/5285"}],"wp:featuredmedia":[{"embeddable":true,"href":"https:\/\/giantislandspace.com\/es\/wp-json\/wp\/v2\/media\/5284"}],"wp:attachment":[{"href":"https:\/\/giantislandspace.com\/es\/wp-json\/wp\/v2\/media?parent=5283"}],"wp:term":[{"taxonomy":"brand","embeddable":true,"href":"https:\/\/giantislandspace.com\/es\/wp-json\/wp\/v2\/etheme_brands?post=5283"},{"taxonomy":"product_brand","embeddable":true,"href":"https:\/\/giantislandspace.com\/es\/wp-json\/wp\/v2\/product_brand?post=5283"},{"taxonomy":"product_cat","embeddable":true,"href":"https:\/\/giantislandspace.com\/es\/wp-json\/wp\/v2\/product_cat?post=5283"},{"taxonomy":"product_tag","embeddable":true,"href":"https:\/\/giantislandspace.com\/es\/wp-json\/wp\/v2\/product_tag?post=5283"}],"curies":[{"name":"wp","href":"https:\/\/api.w.org\/{rel}","templated":true}]}}