{"id":5276,"date":"2025-07-21T10:25:26","date_gmt":"2025-07-21T10:25:26","guid":{"rendered":"https:\/\/giantislandspace.com\/?post_type=product&#038;p=5276"},"modified":"2025-07-21T10:25:27","modified_gmt":"2025-07-21T10:25:27","slug":"adventure-island","status":"publish","type":"product","link":"https:\/\/giantislandspace.com\/es\/producto\/adventure-island\/","title":{"rendered":"ISLA DE AVENTURAS"},"content":{"rendered":"<div data-zone-id=\"0\" data-line-index=\"0\" data-line=\"true\">Parque de camas el\u00e1sticas: Donde vuela la alegr\u00eda<\/div>\n<div data-zone-id=\"0\" data-line-index=\"1\" data-line=\"true\">Rebota en un mundo donde la gravedad se pliega a tu diversi\u00f3n. Bienvenido a nuestro Trampoline Park, un vibrante parque infantil donde cada salto, voltereta y brinco se convierte en pura felicidad.<\/div>\n<div data-zone-id=\"0\" data-line-index=\"2\" data-line=\"true\">Desde trampolines de pared a pared que te permiten elevarte como un p\u00e1jaro hasta fosos de espuma que atrapan tus acrobacias m\u00e1s salvajes, esto no es s\u00f3lo un parque: es un patio de recreo para aventureros de todas las edades. Tanto si est\u00e1s perfeccionando una voltereta hacia atr\u00e1s, compitiendo contra tus amigos en un partido de bal\u00f3n prisionero o dejando que los m\u00e1s peque\u00f1os boten toda su energ\u00eda, hay magia en cada primavera.<\/div>\n<div data-zone-id=\"0\" data-line-index=\"3\" data-line=\"true\">Aqu\u00ed la seguridad se une a la emoci\u00f3n: nuestras colchonetas de primera calidad, los bordes acolchados y el personal cualificado hacen que la emoci\u00f3n sea m\u00e1xima y las preocupaciones m\u00ednimas. Aqu\u00ed es donde las familias se unen, los amigos compiten y los ni\u00f1os (y los ni\u00f1os de coraz\u00f3n) descubren un sinf\u00edn de alegr\u00edas.<\/div>\n<div data-zone-id=\"0\" data-line-index=\"4\" data-line=\"true\">\u00bfListo para saltar hacia momentos inolvidables? El Trampoline Park no es s\u00f3lo un lugar: es donde la risa te eleva m\u00e1s alto.<\/div>\n<div data-zone-id=\"0\" data-line-index=\"5\" data-line=\"true\"><i>Rebota, da vueltas, r\u00ede, repite: \u00a1la diversi\u00f3n nunca llega al suelo!<\/i><\/div>\n<div data-zone-id=\"0\" data-line-index=\"6\" data-line=\"true\"><\/div>","protected":false},"excerpt":{"rendered":"<div data-zone-id=\"0\" data-line-index=\"0\" data-line=\"true\">Disfrute rebotando en nuestro parque de camas el\u00e1sticas, donde la gravedad se doblega para divertirse. Con trampolines de pared a pared y fosos de espuma, es un parque de aventuras para todas las edades. Perfeccione su salto hacia atr\u00e1s, compita en el bal\u00f3n prisionero o deje que los ni\u00f1os salten libremente.<\/div>","protected":false},"featured_media":5277,"comment_status":"open","ping_status":"closed","template":"","meta":[],"etheme_brands":[],"product_brand":[],"product_cat":[21],"product_tag":[203,210,228,204,221,208,222,227,211,202,220,207,216,217,209,199,223,213,225,205,218,206,215,201,224,200,212,226,219,214],"class_list":{"0":"post-5276","1":"product","2":"type-product","3":"status-publish","4":"has-post-thumbnail","6":"product_cat-uncategorized","7":"product_tag-active-leisure-creators","8":"product_tag-active-leisure-industry","9":"product_tag-active-play-equipment","10":"product_tag-adventure-space-designers","11":"product_tag-backflip-zones","12":"product_tag-community-play-hub","13":"product_tag-dodgeball-trampolines","14":"product_tag-family-bounce-sessions","15":"product_tag-family-entertainment-centers","16":"product_tag-family-entertainment-leaders","17":"product_tag-foam-pit-jumps","18":"product_tag-fun-activity-curators","19":"product_tag-fun-sports-industry","20":"product_tag-indoor-adventure-parks","21":"product_tag-indoor-playgrounds","22":"product_tag-joyful-play-innovators","23":"product_tag-kids-bounce-areas","24":"product_tag-leisure-activity-venues","25":"product_tag-padded-play-surfaces","26":"product_tag-play-experience-specialists","27":"product_tag-playground-operations","28":"product_tag-recreation-service-excellence","29":"product_tag-recreation-services","30":"product_tag-safe-fun-providers","31":"product_tag-safe-trampoline-mats","32":"product_tag-trampoline-park-experts","33":"product_tag-trampoline-recreation","34":"product_tag-trampoline-stunt-zones","35":"product_tag-wall-to-wall-trampolines","36":"product_tag-youth-play-facilities","38":"first","39":"instock","40":"shipping-taxable","41":"product-type-simple"},"jetpack_sharing_enabled":true,"_links":{"self":[{"href":"https:\/\/giantislandspace.com\/es\/wp-json\/wp\/v2\/product\/5276","targetHints":{"allow":["GET"]}}],"collection":[{"href":"https:\/\/giantislandspace.com\/es\/wp-json\/wp\/v2\/product"}],"about":[{"href":"https:\/\/giantislandspace.com\/es\/wp-json\/wp\/v2\/types\/product"}],"replies":[{"embeddable":true,"href":"https:\/\/giantislandspace.com\/es\/wp-json\/wp\/v2\/comments?post=5276"}],"version-history":[{"count":1,"href":"https:\/\/giantislandspace.com\/es\/wp-json\/wp\/v2\/product\/5276\/revisions"}],"predecessor-version":[{"id":5278,"href":"https:\/\/giantislandspace.com\/es\/wp-json\/wp\/v2\/product\/5276\/revisions\/5278"}],"wp:featuredmedia":[{"embeddable":true,"href":"https:\/\/giantislandspace.com\/es\/wp-json\/wp\/v2\/media\/5277"}],"wp:attachment":[{"href":"https:\/\/giantislandspace.com\/es\/wp-json\/wp\/v2\/media?parent=5276"}],"wp:term":[{"taxonomy":"brand","embeddable":true,"href":"https:\/\/giantislandspace.com\/es\/wp-json\/wp\/v2\/etheme_brands?post=5276"},{"taxonomy":"product_brand","embeddable":true,"href":"https:\/\/giantislandspace.com\/es\/wp-json\/wp\/v2\/product_brand?post=5276"},{"taxonomy":"product_cat","embeddable":true,"href":"https:\/\/giantislandspace.com\/es\/wp-json\/wp\/v2\/product_cat?post=5276"},{"taxonomy":"product_tag","embeddable":true,"href":"https:\/\/giantislandspace.com\/es\/wp-json\/wp\/v2\/product_tag?post=5276"}],"curies":[{"name":"wp","href":"https:\/\/api.w.org\/{rel}","templated":true}]}}