{"id":5250,"date":"2025-07-21T09:07:18","date_gmt":"2025-07-21T09:07:18","guid":{"rendered":"https:\/\/giantislandspace.com\/?post_type=product&#038;p=5250"},"modified":"2025-07-21T09:07:18","modified_gmt":"2025-07-21T09:07:18","slug":"high-atitude-swing","status":"publish","type":"product","link":"https:\/\/giantislandspace.com\/es\/producto\/high-atitude-swing\/","title":{"rendered":"COLUMPIO DE GRAN ALTITUD"},"content":{"rendered":"<p>Experimente la emoci\u00f3n del columpio de altura. Vuela por los aires, siente el viento en la cara y disfruta de una vista impresionante desde arriba. Es una aventura sin igual, que te har\u00e1 vibrar el coraz\u00f3n y te dejar\u00e1 recuerdos inolvidables.<\/p>","protected":false},"excerpt":{"rendered":"<p>Experimente el columpio de altura Balanc\u00e9ate en el aire, disfruta de la vista panor\u00e1mica y descarga adrenalina.<\/p>","protected":false},"featured_media":5251,"comment_status":"open","ping_status":"closed","template":"","meta":[],"etheme_brands":[],"product_brand":[],"product_cat":[21,74],"product_tag":[119,121,124,122,123,118,120,125,126],"class_list":{"0":"post-5250","1":"product","2":"type-product","3":"status-publish","4":"has-post-thumbnail","6":"product_cat-uncategorized","7":"product_cat-ar-vr-series","8":"product_tag-courage-takes-flight","9":"product_tag-heart-races-wild","10":"product_tag-high-swing-brave-souls-playground","11":"product_tag-leap-up","12":"product_tag-ride-the-thrill","13":"product_tag-swing-high","14":"product_tag-swing-skyward","15":"product_tag-swing-to-clouds","16":"product_tag-unleash-passion","18":"first","19":"instock","20":"shipping-taxable","21":"product-type-simple"},"jetpack_sharing_enabled":true,"_links":{"self":[{"href":"https:\/\/giantislandspace.com\/es\/wp-json\/wp\/v2\/product\/5250","targetHints":{"allow":["GET"]}}],"collection":[{"href":"https:\/\/giantislandspace.com\/es\/wp-json\/wp\/v2\/product"}],"about":[{"href":"https:\/\/giantislandspace.com\/es\/wp-json\/wp\/v2\/types\/product"}],"replies":[{"embeddable":true,"href":"https:\/\/giantislandspace.com\/es\/wp-json\/wp\/v2\/comments?post=5250"}],"version-history":[{"count":1,"href":"https:\/\/giantislandspace.com\/es\/wp-json\/wp\/v2\/product\/5250\/revisions"}],"predecessor-version":[{"id":5255,"href":"https:\/\/giantislandspace.com\/es\/wp-json\/wp\/v2\/product\/5250\/revisions\/5255"}],"wp:featuredmedia":[{"embeddable":true,"href":"https:\/\/giantislandspace.com\/es\/wp-json\/wp\/v2\/media\/5251"}],"wp:attachment":[{"href":"https:\/\/giantislandspace.com\/es\/wp-json\/wp\/v2\/media?parent=5250"}],"wp:term":[{"taxonomy":"brand","embeddable":true,"href":"https:\/\/giantislandspace.com\/es\/wp-json\/wp\/v2\/etheme_brands?post=5250"},{"taxonomy":"product_brand","embeddable":true,"href":"https:\/\/giantislandspace.com\/es\/wp-json\/wp\/v2\/product_brand?post=5250"},{"taxonomy":"product_cat","embeddable":true,"href":"https:\/\/giantislandspace.com\/es\/wp-json\/wp\/v2\/product_cat?post=5250"},{"taxonomy":"product_tag","embeddable":true,"href":"https:\/\/giantislandspace.com\/es\/wp-json\/wp\/v2\/product_tag?post=5250"}],"curies":[{"name":"wp","href":"https:\/\/api.w.org\/{rel}","templated":true}]}}