{"id":5249,"date":"2025-07-21T09:27:41","date_gmt":"2025-07-21T09:27:41","guid":{"rendered":"https:\/\/giantislandspace.com\/?post_type=product&#038;p=5249"},"modified":"2025-07-21T09:27:42","modified_gmt":"2025-07-21T09:27:42","slug":"human-pinballs","status":"publish","type":"product","link":"https:\/\/giantislandspace.com\/es\/producto\/human-pinballs\/","title":{"rendered":"Pinballs humanos"},"content":{"rendered":"<div class=\"ace-line heading-h1\" dir=\"auto\" data-node=\"true\"><span data-leaf=\"true\"><span class=\"lb\">Pinball humano: La experiencia extrema definitiva<\/span><\/span><span data-string=\"true\" data-enter=\"true\" data-leaf=\"true\">\u200b<\/span><\/div>\n<div class=\"ace-line\" dir=\"auto\" data-node=\"true\"><span data-leaf=\"true\"><span class=\"lb\">Imagina que te lanzan a una arena que desaf\u00eda a la gravedad, rebotas con precisi\u00f3n milim\u00e9trica y ejecutas giros en el aire que difuminan la l\u00ednea que separa el deporte del espect\u00e1culo. Esto no es una fantas\u00eda de videojuego, es Pinball Humano, el deporte extremo m\u00e1s adrenal\u00ednico del planeta.<\/span><\/span><span data-string=\"true\" data-enter=\"true\" data-leaf=\"true\">\u200b<\/span><\/div>\n<div class=\"ace-line\" dir=\"auto\" data-node=\"true\"><span data-leaf=\"true\"><span class=\"lb\">Col\u00f3quese nuestro arn\u00e9s personalizado, dise\u00f1ado para equilibrar la libertad de movimiento con una seguridad sin concesiones. Al subir a la plataforma de despegue, el coraz\u00f3n se acelera al ritmo de la cuenta atr\u00e1s. 3... 2... 1... y de repente se eleva, impulsado por una fuerza controlada hacia un vibrante laberinto de superficies de rebote en \u00e1ngulo. Cada colisi\u00f3n te lanza hacia nuevas posibilidades, convirtiendo el impulso en arte con cada maniobra calculada.<\/span><\/span><span data-string=\"true\" data-enter=\"true\" data-leaf=\"true\">\u200b<\/span><\/div>\n<div class=\"ace-line\" dir=\"auto\" data-node=\"true\"><span data-leaf=\"true\"><span class=\"lb\">No se trata s\u00f3lo de velocidad, sino de dominar el caos. Siente la adrenalina mientras pivotas en pleno vuelo, utilizando las curvas del escenario para redirigir tu trayectoria y superar a tus oponentes en los desaf\u00edos por equipos. Tanto si compites por la puntuaci\u00f3n m\u00e1s alta como si simplemente persigues el salto perfecto, Human Pinball convierte cada segundo en una historia digna de ser contada a gritos.<\/span><\/span><span data-string=\"true\" data-enter=\"true\" data-leaf=\"true\">\u200b<\/span><\/div>\n<div class=\"ace-line\" dir=\"auto\" data-node=\"true\"><span data-leaf=\"true\"><span class=\"lb\">Nuestras modernas instalaciones cuentan con pistas climatizadas, sistemas de seguridad de primera calidad y un equipo de instructores titulados preparados para guiar desde principiantes hasta profesionales. Cada sesi\u00f3n es un lienzo en blanco donde tu coraje escribe las reglas.<\/span><\/span><span data-string=\"true\" data-enter=\"true\" data-leaf=\"true\">\u200b<\/span><\/div>\n<div class=\"ace-line\" dir=\"auto\" data-node=\"true\"><span data-leaf=\"true\"><span class=\"lb\">Atr\u00e9vete a redefinir lo que tu cuerpo puede hacer. El Pinball Humano no es s\u00f3lo un deporte, es una revoluci\u00f3n en movimiento. \u00bfEst\u00e1s preparado para saltar m\u00e1s all\u00e1 de tus l\u00edmites?<\/span><\/span><\/div>","protected":false},"excerpt":{"rendered":"<p>Human Pinball combina emoci\u00f3n y habilidad. Ponte un arn\u00e9s seguro, l\u00e1nzate a una arena y rebota en las superficies. Ejecute giros en el aire, redirija trayectorias y compita. Con las mejores instalaciones e instructores, es donde el valor se une al caos. \u00bfListo para saltar m\u00e1s all\u00e1 de los l\u00edmites?<\/p>","protected":false},"featured_media":5256,"comment_status":"open","ping_status":"closed","template":"","meta":[],"etheme_brands":[],"product_brand":[],"product_cat":[21],"product_tag":[148,144,146,150,152,137,155,158,143,154,139,157,160,147,138,151,142,141,140,136,153,156,159,145,149],"class_list":{"0":"post-5249","1":"product","2":"type-product","3":"status-publish","4":"has-post-thumbnail","6":"product_cat-uncategorized","7":"product_tag-actionleisure","8":"product_tag-actionthrills","9":"product_tag-adventureplay","10":"product_tag-adventurerecreation","11":"product_tag-airblast","12":"product_tag-airpulse","13":"product_tag-airsphere","14":"product_tag-airspin","15":"product_tag-bouncefusion","16":"product_tag-bouncegear","17":"product_tag-bouncenexus","18":"product_tag-bouncethrust","19":"product_tag-bouncevenue","20":"product_tag-extremeaction","21":"product_tag-extremecraft","22":"product_tag-extremeleisure","23":"product_tag-extremeplex","24":"product_tag-skymotion","25":"product_tag-thrilldrive","26":"product_tag-thrillforge","27":"product_tag-thrilllaunch","28":"product_tag-thrillmove","29":"product_tag-thrillquest","30":"product_tag-thrillrecreation","31":"product_tag-thrillsports","33":"first","34":"instock","35":"shipping-taxable","36":"product-type-simple"},"jetpack_sharing_enabled":true,"_links":{"self":[{"href":"https:\/\/giantislandspace.com\/es\/wp-json\/wp\/v2\/product\/5249","targetHints":{"allow":["GET"]}}],"collection":[{"href":"https:\/\/giantislandspace.com\/es\/wp-json\/wp\/v2\/product"}],"about":[{"href":"https:\/\/giantislandspace.com\/es\/wp-json\/wp\/v2\/types\/product"}],"replies":[{"embeddable":true,"href":"https:\/\/giantislandspace.com\/es\/wp-json\/wp\/v2\/comments?post=5249"}],"version-history":[{"count":1,"href":"https:\/\/giantislandspace.com\/es\/wp-json\/wp\/v2\/product\/5249\/revisions"}],"predecessor-version":[{"id":5270,"href":"https:\/\/giantislandspace.com\/es\/wp-json\/wp\/v2\/product\/5249\/revisions\/5270"}],"wp:featuredmedia":[{"embeddable":true,"href":"https:\/\/giantislandspace.com\/es\/wp-json\/wp\/v2\/media\/5256"}],"wp:attachment":[{"href":"https:\/\/giantislandspace.com\/es\/wp-json\/wp\/v2\/media?parent=5249"}],"wp:term":[{"taxonomy":"brand","embeddable":true,"href":"https:\/\/giantislandspace.com\/es\/wp-json\/wp\/v2\/etheme_brands?post=5249"},{"taxonomy":"product_brand","embeddable":true,"href":"https:\/\/giantislandspace.com\/es\/wp-json\/wp\/v2\/product_brand?post=5249"},{"taxonomy":"product_cat","embeddable":true,"href":"https:\/\/giantislandspace.com\/es\/wp-json\/wp\/v2\/product_cat?post=5249"},{"taxonomy":"product_tag","embeddable":true,"href":"https:\/\/giantislandspace.com\/es\/wp-json\/wp\/v2\/product_tag?post=5249"}],"curies":[{"name":"wp","href":"https:\/\/api.w.org\/{rel}","templated":true}]}}