{"id":5202,"date":"2025-07-21T07:48:40","date_gmt":"2025-07-21T07:48:40","guid":{"rendered":"https:\/\/giantislandspace.com\/?post_type=product&#038;p=5202"},"modified":"2025-07-21T07:52:45","modified_gmt":"2025-07-21T07:52:45","slug":"mini-golf","status":"publish","type":"product","link":"https:\/\/giantislandspace.com\/es\/producto\/mini-golf\/","title":{"rendered":"MINI GOLF"},"content":{"rendered":"<p data-start=\"0\" data-end=\"98\"><strong data-start=\"0\" data-end=\"37\">Kit de campo de minigolf profesional<\/strong><br data-start=\"37\" data-end=\"40\" \/><strong data-start=\"40\" data-end=\"98\">Transforme cualquier espacio en un espacio verde, divertido y familiar.<\/strong><\/p>\n<p data-start=\"100\" data-end=\"120\"><strong data-start=\"100\" data-end=\"118\">Aspectos m\u00e1s destacados<\/strong><\/p>\n<ul data-start=\"121\" data-end=\"501\">\n<li data-start=\"121\" data-end=\"218\">\n<p data-start=\"123\" data-end=\"218\"><strong data-start=\"123\" data-end=\"141\">Dise\u00f1o modular<\/strong>6 hoyos y obst\u00e1culos intercambiables: construye innumerables trazados en cuesti\u00f3n de minutos.<\/p>\n<\/li>\n<li data-start=\"219\" data-end=\"315\">\n<p data-start=\"221\" data-end=\"315\"><strong data-start=\"221\" data-end=\"242\">Materiales duraderos<\/strong>: Espuma EVA de alta densidad y PVC resistente a la intemperie para uso interior\/exterior.<\/p>\n<\/li>\n<li data-start=\"316\" data-end=\"409\">\n<p data-start=\"318\" data-end=\"409\"><strong data-start=\"318\" data-end=\"332\">F\u00e1cil configuraci\u00f3n<\/strong>: Piezas encajables y rampas plegables: listo para jugar en menos de 5 minutos.<\/p>\n<\/li>\n<li data-start=\"410\" data-end=\"501\">\n<p data-start=\"412\" data-end=\"501\"><strong data-start=\"412\" data-end=\"434\">Compacto y port\u00e1til<\/strong>: Todos los componentes se guardan en un malet\u00edn de transporte con ruedas (80 \u00d7 50 \u00d7 20 cm).<\/p>\n<\/li>\n<\/ul>\n<p data-start=\"503\" data-end=\"524\"><strong data-start=\"503\" data-end=\"522\">Especificaciones t\u00e9cnicas<\/strong><\/p>\n<ul data-start=\"525\" data-end=\"747\">\n<li data-start=\"525\" data-end=\"590\">\n<p data-start=\"527\" data-end=\"590\"><strong data-start=\"527\" data-end=\"546\">Dimensiones del orificio<\/strong>: 60 \u00d7 40 \u00d7 5 cm (tama\u00f1o est\u00e1ndar de minigolf)<\/p>\n<\/li>\n<li data-start=\"591\" data-end=\"634\">\n<p data-start=\"593\" data-end=\"634\"><strong data-start=\"593\" data-end=\"609\">Peso total<\/strong>: 12 kg (malet\u00edn incluido)<\/p>\n<\/li>\n<li data-start=\"635\" data-end=\"747\">\n<p data-start=\"637\" data-end=\"747\"><strong data-start=\"637\" data-end=\"649\">Incluye<\/strong>: m\u00f3dulos de 6 hoyos, 4 juegos de obst\u00e1culos (t\u00faneles, rampas, puentes), 2 putters, 4 pelotas de golf, bolsa de transporte<\/p>\n<\/li>\n<\/ul>\n<p data-start=\"749\" data-end=\"766\"><strong data-start=\"749\" data-end=\"764\">Perfecto para<\/strong><\/p>\n<ul data-start=\"767\" data-end=\"900\">\n<li data-start=\"767\" data-end=\"818\">\n<p data-start=\"769\" data-end=\"818\">Centros de ocio familiar y zonas de juegos infantiles<\/p>\n<\/li>\n<li data-start=\"819\" data-end=\"853\">\n<p data-start=\"821\" data-end=\"853\">Actos corporativos de creaci\u00f3n de equipos<\/p>\n<\/li>\n<li data-start=\"854\" data-end=\"900\">\n<p data-start=\"856\" data-end=\"900\">Escuelas, hoteles, complejos tur\u00edsticos y clubes comunitarios<\/p>\n<\/li>\n<\/ul>\n<p data-start=\"902\" data-end=\"927\"><strong data-start=\"902\" data-end=\"925\">\u00bfPor qu\u00e9 elegir nuestro kit?<\/strong><\/p>\n<ul data-start=\"928\" data-end=\"1190\">\n<li data-start=\"928\" data-end=\"1011\">\n<p data-start=\"930\" data-end=\"1011\"><strong data-start=\"930\" data-end=\"950\">Impulsar el compromiso<\/strong>: Los dise\u00f1os interactivos hacen que vuelvan jugadores de todas las edades.<\/p>\n<\/li>\n<li data-start=\"1012\" data-end=\"1093\">\n<p data-start=\"1014\" data-end=\"1093\"><strong data-start=\"1014\" data-end=\"1032\">Maximizar el espacio<\/strong>: La configuraci\u00f3n flexible se adapta a cualquier sala, patio o vest\u00edbulo.<\/p>\n<\/li>\n<li data-start=\"1094\" data-end=\"1190\">\n<p data-start=\"1096\" data-end=\"1190\"><strong data-start=\"1096\" data-end=\"1122\">Seguro y de bajo mantenimiento<\/strong>: Los bordes suaves evitan lesiones; se limpian en segundos.<\/p>\n<\/li>\n<\/ul>\n<p data-start=\"1192\" data-end=\"1255\" data-is-last-node=\"\" data-is-only-node=\"\">\ud83d\udc49 <strong data-start=\"1195\" data-end=\"1210\">Pedir hoy<\/strong> y l\u00e1nzate a la emoci\u00f3n del minigolf sin fin.<\/p>","protected":false},"excerpt":{"rendered":"<p>Convierta cualquier espacio en un divertido campo de minigolf con nuestro kit de campo de minigolf profesional. Con seis dise\u00f1os de hoyos modulares y cuatro conjuntos de obst\u00e1culos, este kit se entrega en una maleta compacta con ruedas para jugar en interiores o exteriores. Fabricado con espuma EVA duradera y PVC resistente a la intemperie, se monta en minutos con componentes que se encajan a presi\u00f3n. Perfecto para centros de entretenimiento familiar, eventos corporativos, escuelas, hoteles y clubes comunitarios, ofrece infinitas posibilidades de dise\u00f1o, juego seguro y bajo mantenimiento. Juegue en cualquier lugar y disfrute de una diversi\u00f3n interactiva y atractiva para todas las edades.<\/p>","protected":false},"featured_media":5205,"comment_status":"open","ping_status":"closed","template":"","meta":[],"etheme_brands":[],"product_brand":[],"product_cat":[21],"product_tag":[104,113,117,101,107,111,106,102,96,95,103,98,97,109,110,99,115,116,112,85,108,105,94,114,100],"class_list":{"0":"post-5202","1":"product","2":"type-product","3":"status-publish","4":"has-post-thumbnail","6":"product_cat-uncategorized","7":"product_tag-active-play-zones","8":"product_tag-allweather-pvc","9":"product_tag-customizable-layouts","10":"product_tag-digital-recreation","11":"product_tag-edutainment-venues","12":"product_tag-eva-foam-obstacles","13":"product_tag-experiential-retail","14":"product_tag-family-amusement","15":"product_tag-familyfocused-enterprise","16":"product_tag-global-leisure-innovator","17":"product_tag-indoor-leisure","18":"product_tag-integrated-solution-partner","19":"product_tag-interactive-experience-specialist","20":"product_tag-modular-hole-system","21":"product_tag-portable-playset","22":"product_tag-premium-entertainment-brand","23":"product_tag-quicksetup-course","24":"product_tag-safeedge-design","25":"product_tag-snapfit-assembly","26":"product_tag-sports-entertainment-technology","27":"product_tag-themed-attraction-design","28":"product_tag-trendy-sports-districts","29":"product_tag-turnkey-design-provider","30":"product_tag-wheeled-storage-case","31":"product_tag-youth-lifestyle-leader","33":"first","34":"instock","35":"shipping-taxable","36":"product-type-simple"},"jetpack_sharing_enabled":true,"_links":{"self":[{"href":"https:\/\/giantislandspace.com\/es\/wp-json\/wp\/v2\/product\/5202","targetHints":{"allow":["GET"]}}],"collection":[{"href":"https:\/\/giantislandspace.com\/es\/wp-json\/wp\/v2\/product"}],"about":[{"href":"https:\/\/giantislandspace.com\/es\/wp-json\/wp\/v2\/types\/product"}],"replies":[{"embeddable":true,"href":"https:\/\/giantislandspace.com\/es\/wp-json\/wp\/v2\/comments?post=5202"}],"version-history":[{"count":1,"href":"https:\/\/giantislandspace.com\/es\/wp-json\/wp\/v2\/product\/5202\/revisions"}],"predecessor-version":[{"id":5208,"href":"https:\/\/giantislandspace.com\/es\/wp-json\/wp\/v2\/product\/5202\/revisions\/5208"}],"wp:featuredmedia":[{"embeddable":true,"href":"https:\/\/giantislandspace.com\/es\/wp-json\/wp\/v2\/media\/5205"}],"wp:attachment":[{"href":"https:\/\/giantislandspace.com\/es\/wp-json\/wp\/v2\/media?parent=5202"}],"wp:term":[{"taxonomy":"brand","embeddable":true,"href":"https:\/\/giantislandspace.com\/es\/wp-json\/wp\/v2\/etheme_brands?post=5202"},{"taxonomy":"product_brand","embeddable":true,"href":"https:\/\/giantislandspace.com\/es\/wp-json\/wp\/v2\/product_brand?post=5202"},{"taxonomy":"product_cat","embeddable":true,"href":"https:\/\/giantislandspace.com\/es\/wp-json\/wp\/v2\/product_cat?post=5202"},{"taxonomy":"product_tag","embeddable":true,"href":"https:\/\/giantislandspace.com\/es\/wp-json\/wp\/v2\/product_tag?post=5202"}],"curies":[{"name":"wp","href":"https:\/\/api.w.org\/{rel}","templated":true}]}}