{"id":5194,"date":"2025-07-21T07:13:49","date_gmt":"2025-07-21T07:13:49","guid":{"rendered":"https:\/\/giantislandspace.com\/?post_type=product&#038;p=5194"},"modified":"2025-07-21T07:16:05","modified_gmt":"2025-07-21T07:16:05","slug":"5194","status":"publish","type":"product","link":"https:\/\/giantislandspace.com\/es\/producto\/5194\/","title":{"rendered":"Simulador de lanzamiento de b\u00e9isbol"},"content":{"rendered":"<p data-start=\"0\" data-end=\"72\"><strong data-start=\"0\" data-end=\"42\">M\u00e1quina lanzadora de b\u00e9isbol profesional<\/strong><br data-start=\"42\" data-end=\"45\" \/><strong data-start=\"45\" data-end=\"72\">Haz que cada golpe cuente<\/strong><\/p>\n<p data-start=\"74\" data-end=\"92\"><strong data-start=\"74\" data-end=\"90\">Caracter\u00edsticas principales<\/strong><\/p>\n<ul data-start=\"93\" data-end=\"612\">\n<li data-start=\"93\" data-end=\"198\">\n<p data-start=\"95\" data-end=\"198\"><strong data-start=\"95\" data-end=\"129\">Velocidad regulable (40-140 km\/h)<\/strong>: Desde ligas juveniles a profesionales, marca el lanzamiento perfecto en todo momento.<\/p>\n<\/li>\n<li data-start=\"199\" data-end=\"312\">\n<p data-start=\"201\" data-end=\"312\"><strong data-start=\"201\" data-end=\"232\">Dise\u00f1o de precisi\u00f3n de doble rueda<\/strong>: Elimina el bamboleo de las m\u00e1quinas accionadas por muelle: lanzamientos precisos y uniformes.<\/p>\n<\/li>\n<li data-start=\"313\" data-end=\"417\">\n<p data-start=\"315\" data-end=\"417\"><strong data-start=\"315\" data-end=\"341\">Velocidad de alimentaci\u00f3n personalizable<\/strong>: 1-10 bolas por minuto, elija los modos de disparo \u00fanico, intervalo o disparo r\u00e1pido.<\/p>\n<\/li>\n<li data-start=\"418\" data-end=\"520\">\n<p data-start=\"420\" data-end=\"520\"><strong data-start=\"420\" data-end=\"443\">Funcionamiento con una sola pulsaci\u00f3n<\/strong>: Panel con pantalla t\u00e1ctil intuitiva o entrenamiento a distancia inal\u00e1mbrico en cuesti\u00f3n de segundos.<\/p>\n<\/li>\n<li data-start=\"521\" data-end=\"612\">\n<p data-start=\"523\" data-end=\"612\"><strong data-start=\"523\" data-end=\"539\">La seguridad ante todo<\/strong>: La red envolvente y el bot\u00f3n de parada de emergencia le proporcionan total tranquilidad.<\/p>\n<\/li>\n<\/ul>\n<p data-start=\"614\" data-end=\"644\"><strong data-start=\"614\" data-end=\"642\">Especificaciones t\u00e9cnicas<\/strong><\/p>\n<ul data-start=\"645\" data-end=\"821\">\n<li data-start=\"645\" data-end=\"689\">\n<p data-start=\"647\" data-end=\"689\"><strong data-start=\"647\" data-end=\"660\">Tipo de bola<\/strong>: Bola de b\u00e9isbol est\u00e1ndar (\u03c69 cm)<\/p>\n<\/li>\n<li data-start=\"690\" data-end=\"725\">\n<p data-start=\"692\" data-end=\"725\"><strong data-start=\"692\" data-end=\"706\">Dimensiones<\/strong>: 75 \u00d7 50 \u00d7 60 cm<\/p>\n<\/li>\n<li data-start=\"726\" data-end=\"791\">\n<p data-start=\"728\" data-end=\"791\"><strong data-start=\"728\" data-end=\"738\">Peso<\/strong>: 45 kg (ruedas giratorias integradas para facilitar el transporte)<\/p>\n<\/li>\n<li data-start=\"792\" data-end=\"821\">\n<p data-start=\"794\" data-end=\"821\"><strong data-start=\"794\" data-end=\"803\">Potencia<\/strong>: CA 220 V \/ 50 Hz<\/p>\n<\/li>\n<\/ul>\n<p data-start=\"823\" data-end=\"838\"><strong data-start=\"823\" data-end=\"836\">Ideal para<\/strong><\/p>\n<ul data-start=\"839\" data-end=\"950\">\n<li data-start=\"839\" data-end=\"880\">\n<p data-start=\"841\" data-end=\"880\">Academias de b\u00e9isbol y centros de formaci\u00f3n<\/p>\n<\/li>\n<li data-start=\"881\" data-end=\"910\">\n<p data-start=\"883\" data-end=\"910\">Clases y clubes escolares de educaci\u00f3n f\u00edsica<\/p>\n<\/li>\n<li data-start=\"911\" data-end=\"950\">\n<p data-start=\"913\" data-end=\"950\">Ligas comunitarias y entrenamientos en patios traseros<\/p>\n<\/li>\n<\/ul>\n<p data-start=\"952\" data-end=\"981\"><strong data-start=\"952\" data-end=\"979\">\u00bfPor qu\u00e9 elegir nuestra m\u00e1quina?<\/strong><\/p>\n<ul data-start=\"982\" data-end=\"1237\">\n<li data-start=\"982\" data-end=\"1070\">\n<p data-start=\"984\" data-end=\"1070\"><strong data-start=\"984\" data-end=\"1010\">Perfeccionar el golpeo<\/strong>: Perfecciona tu coordinaci\u00f3n ojo-mano con lanzamientos certeros.<\/p>\n<\/li>\n<li data-start=\"1071\" data-end=\"1145\">\n<p data-start=\"1073\" data-end=\"1145\"><strong data-start=\"1073\" data-end=\"1096\">Aumentar el tiempo de reacci\u00f3n<\/strong>: Enfr\u00e9ntate a una gama de velocidades y nunca pierdas el ritmo.<\/p>\n<\/li>\n<li data-start=\"1146\" data-end=\"1237\">\n<p data-start=\"1148\" data-end=\"1237\"><strong data-start=\"1148\" data-end=\"1168\">Generar confianza<\/strong>: Un rendimiento fiable significa que te centrar\u00e1s en golpear, no en perseguir pelotas.<\/p>\n<\/li>\n<\/ul>","protected":false},"excerpt":{"rendered":"<div style=\"width: 960px;\" class=\"wp-video\"><!--[if lt IE 9]><script>document.createElement('video');<\/script><![endif]--><br \/>\n<video class=\"wp-video-shortcode\" id=\"video-5194-1\" width=\"960\" height=\"544\" preload=\"metadata\" controls=\"controls\"><source type=\"video\/mp4\" src=\"https:\/\/giantislandspace.com\/wp-content\/uploads\/2025\/07\/8d1038017b1ea4365a190096a9aa9456.mp4?_=1\" \/><a href=\"https:\/\/giantislandspace.com\/wp-content\/uploads\/2025\/07\/8d1038017b1ea4365a190096a9aa9456.mp4\">https:\/\/giantislandspace.com\/wp-content\/uploads\/2025\/07\/8d1038017b1ea4365a190096a9aa9456.mp4<\/a><\/video><\/div>","protected":false},"featured_media":5198,"comment_status":"open","ping_status":"closed","template":"","meta":[],"etheme_brands":[],"product_brand":[],"product_cat":[78],"product_tag":[90,88,91,84,93,92,85,87,89,86],"class_list":{"0":"post-5194","1":"product","2":"type-product","3":"status-publish","4":"has-post-thumbnail","6":"product_cat-digital-sports-equipment","7":"product_tag-baseball-pitching-simulator","8":"product_tag-digital-sports","9":"product_tag-dualwheel-differential-technology","10":"product_tag-giant-island-group","11":"product_tag-parentchild-interactive-facility","12":"product_tag-smart-fitness-assessment-system","13":"product_tag-sports-entertainment-technology","14":"product_tag-sports-entertainment","15":"product_tag-trendy-sports-district","16":"product_tag-turnkey-design-service-provider","18":"first","19":"instock","20":"shipping-taxable","21":"purchasable","22":"product-type-simple"},"jetpack_sharing_enabled":true,"_links":{"self":[{"href":"https:\/\/giantislandspace.com\/es\/wp-json\/wp\/v2\/product\/5194","targetHints":{"allow":["GET"]}}],"collection":[{"href":"https:\/\/giantislandspace.com\/es\/wp-json\/wp\/v2\/product"}],"about":[{"href":"https:\/\/giantislandspace.com\/es\/wp-json\/wp\/v2\/types\/product"}],"replies":[{"embeddable":true,"href":"https:\/\/giantislandspace.com\/es\/wp-json\/wp\/v2\/comments?post=5194"}],"version-history":[{"count":2,"href":"https:\/\/giantislandspace.com\/es\/wp-json\/wp\/v2\/product\/5194\/revisions"}],"predecessor-version":[{"id":5201,"href":"https:\/\/giantislandspace.com\/es\/wp-json\/wp\/v2\/product\/5194\/revisions\/5201"}],"wp:featuredmedia":[{"embeddable":true,"href":"https:\/\/giantislandspace.com\/es\/wp-json\/wp\/v2\/media\/5198"}],"wp:attachment":[{"href":"https:\/\/giantislandspace.com\/es\/wp-json\/wp\/v2\/media?parent=5194"}],"wp:term":[{"taxonomy":"brand","embeddable":true,"href":"https:\/\/giantislandspace.com\/es\/wp-json\/wp\/v2\/etheme_brands?post=5194"},{"taxonomy":"product_brand","embeddable":true,"href":"https:\/\/giantislandspace.com\/es\/wp-json\/wp\/v2\/product_brand?post=5194"},{"taxonomy":"product_cat","embeddable":true,"href":"https:\/\/giantislandspace.com\/es\/wp-json\/wp\/v2\/product_cat?post=5194"},{"taxonomy":"product_tag","embeddable":true,"href":"https:\/\/giantislandspace.com\/es\/wp-json\/wp\/v2\/product_tag?post=5194"}],"curies":[{"name":"wp","href":"https:\/\/api.w.org\/{rel}","templated":true}]}}