{"id":4685,"date":"2025-06-11T16:55:25","date_gmt":"2025-06-11T16:55:25","guid":{"rendered":"https:\/\/giantislandspace.com\/?post_type=product&#038;p=4685"},"modified":"2025-06-13T02:23:35","modified_gmt":"2025-06-13T02:23:35","slug":"goalkeeper","status":"publish","type":"product","link":"https:\/\/giantislandspace.com\/es\/producto\/goalkeeper\/","title":{"rendered":"Portero"},"content":{"rendered":"","protected":false},"excerpt":{"rendered":"<p>El proyecto del portero robot es popular en Europa. Los robots tienen m\u00faltiples velocidades defensivas y, al jugar al f\u00fatbol, los sensores emitir\u00e1n juicios para determinar la direcci\u00f3n y la velocidad del portero robot.<\/p>","protected":false},"featured_media":4748,"comment_status":"open","ping_status":"closed","template":"","meta":[],"etheme_brands":[],"product_brand":[],"product_cat":[78],"product_tag":[],"class_list":{"0":"post-4685","1":"product","2":"type-product","3":"status-publish","4":"has-post-thumbnail","6":"product_cat-digital-sports-equipment","8":"first","9":"instock","10":"shipping-taxable","11":"product-type-simple"},"jetpack_sharing_enabled":true,"_links":{"self":[{"href":"https:\/\/giantislandspace.com\/es\/wp-json\/wp\/v2\/product\/4685","targetHints":{"allow":["GET"]}}],"collection":[{"href":"https:\/\/giantislandspace.com\/es\/wp-json\/wp\/v2\/product"}],"about":[{"href":"https:\/\/giantislandspace.com\/es\/wp-json\/wp\/v2\/types\/product"}],"replies":[{"embeddable":true,"href":"https:\/\/giantislandspace.com\/es\/wp-json\/wp\/v2\/comments?post=4685"}],"version-history":[{"count":1,"href":"https:\/\/giantislandspace.com\/es\/wp-json\/wp\/v2\/product\/4685\/revisions"}],"predecessor-version":[{"id":4751,"href":"https:\/\/giantislandspace.com\/es\/wp-json\/wp\/v2\/product\/4685\/revisions\/4751"}],"wp:featuredmedia":[{"embeddable":true,"href":"https:\/\/giantislandspace.com\/es\/wp-json\/wp\/v2\/media\/4748"}],"wp:attachment":[{"href":"https:\/\/giantislandspace.com\/es\/wp-json\/wp\/v2\/media?parent=4685"}],"wp:term":[{"taxonomy":"brand","embeddable":true,"href":"https:\/\/giantislandspace.com\/es\/wp-json\/wp\/v2\/etheme_brands?post=4685"},{"taxonomy":"product_brand","embeddable":true,"href":"https:\/\/giantislandspace.com\/es\/wp-json\/wp\/v2\/product_brand?post=4685"},{"taxonomy":"product_cat","embeddable":true,"href":"https:\/\/giantislandspace.com\/es\/wp-json\/wp\/v2\/product_cat?post=4685"},{"taxonomy":"product_tag","embeddable":true,"href":"https:\/\/giantislandspace.com\/es\/wp-json\/wp\/v2\/product_tag?post=4685"}],"curies":[{"name":"wp","href":"https:\/\/api.w.org\/{rel}","templated":true}]}}