{"id":4681,"date":"2025-06-11T16:55:21","date_gmt":"2025-06-11T16:55:21","guid":{"rendered":"https:\/\/giantislandspace.com\/?post_type=product&#038;p=4681"},"modified":"2025-06-13T02:24:02","modified_gmt":"2025-06-13T02:24:02","slug":"penalty-shootout","status":"publish","type":"product","link":"https:\/\/giantislandspace.com\/es\/producto\/penalty-shootout\/","title":{"rendered":"Tiro de penaltis"},"content":{"rendered":"","protected":false},"excerpt":{"rendered":"<p>Selecciona los penaltis y los tiros libres m\u00e1s representativos como modos de desaf\u00edo y, al obtener y simular la velocidad y el \u00e1ngulo reales del bal\u00f3n, permite a los jugadores ejecutar tambi\u00e9n el penalti cuchara de Zinedine Zidane.<\/p>","protected":false},"featured_media":4731,"comment_status":"open","ping_status":"closed","template":"","meta":[],"etheme_brands":[],"product_brand":[],"product_cat":[78],"product_tag":[],"class_list":{"0":"post-4681","1":"product","2":"type-product","3":"status-publish","4":"has-post-thumbnail","6":"product_cat-digital-sports-equipment","8":"first","9":"instock","10":"shipping-taxable","11":"product-type-simple"},"jetpack_sharing_enabled":true,"_links":{"self":[{"href":"https:\/\/giantislandspace.com\/es\/wp-json\/wp\/v2\/product\/4681","targetHints":{"allow":["GET"]}}],"collection":[{"href":"https:\/\/giantislandspace.com\/es\/wp-json\/wp\/v2\/product"}],"about":[{"href":"https:\/\/giantislandspace.com\/es\/wp-json\/wp\/v2\/types\/product"}],"replies":[{"embeddable":true,"href":"https:\/\/giantislandspace.com\/es\/wp-json\/wp\/v2\/comments?post=4681"}],"version-history":[{"count":1,"href":"https:\/\/giantislandspace.com\/es\/wp-json\/wp\/v2\/product\/4681\/revisions"}],"predecessor-version":[{"id":4734,"href":"https:\/\/giantislandspace.com\/es\/wp-json\/wp\/v2\/product\/4681\/revisions\/4734"}],"wp:featuredmedia":[{"embeddable":true,"href":"https:\/\/giantislandspace.com\/es\/wp-json\/wp\/v2\/media\/4731"}],"wp:attachment":[{"href":"https:\/\/giantislandspace.com\/es\/wp-json\/wp\/v2\/media?parent=4681"}],"wp:term":[{"taxonomy":"brand","embeddable":true,"href":"https:\/\/giantislandspace.com\/es\/wp-json\/wp\/v2\/etheme_brands?post=4681"},{"taxonomy":"product_brand","embeddable":true,"href":"https:\/\/giantislandspace.com\/es\/wp-json\/wp\/v2\/product_brand?post=4681"},{"taxonomy":"product_cat","embeddable":true,"href":"https:\/\/giantislandspace.com\/es\/wp-json\/wp\/v2\/product_cat?post=4681"},{"taxonomy":"product_tag","embeddable":true,"href":"https:\/\/giantislandspace.com\/es\/wp-json\/wp\/v2\/product_tag?post=4681"}],"curies":[{"name":"wp","href":"https:\/\/api.w.org\/{rel}","templated":true}]}}