{"id":4678,"date":"2025-06-11T16:55:18","date_gmt":"2025-06-11T16:55:18","guid":{"rendered":"https:\/\/giantislandspace.com\/?post_type=product&#038;p=4678"},"modified":"2025-06-13T02:25:20","modified_gmt":"2025-06-13T02:25:20","slug":"simulated-badminton","status":"publish","type":"product","link":"https:\/\/giantislandspace.com\/es\/producto\/simulated-badminton\/","title":{"rendered":"B\u00e1dminton simulado"},"content":{"rendered":"","protected":false},"excerpt":{"rendered":"<p>El b\u00e1dminton simulado est\u00e1 dise\u00f1ado con una pista de b\u00e1dminton no est\u00e1ndar, y el sistema tiene m\u00faltiples modos de pr\u00e1ctica adecuados para hombres, mujeres, seniors, juniors, etc.<\/p>","protected":false},"featured_media":4720,"comment_status":"open","ping_status":"closed","template":"","meta":[],"etheme_brands":[],"product_brand":[],"product_cat":[78],"product_tag":[],"class_list":{"0":"post-4678","1":"product","2":"type-product","3":"status-publish","4":"has-post-thumbnail","6":"product_cat-digital-sports-equipment","8":"first","9":"instock","10":"shipping-taxable","11":"product-type-simple"},"jetpack_sharing_enabled":true,"_links":{"self":[{"href":"https:\/\/giantislandspace.com\/es\/wp-json\/wp\/v2\/product\/4678","targetHints":{"allow":["GET"]}}],"collection":[{"href":"https:\/\/giantislandspace.com\/es\/wp-json\/wp\/v2\/product"}],"about":[{"href":"https:\/\/giantislandspace.com\/es\/wp-json\/wp\/v2\/types\/product"}],"replies":[{"embeddable":true,"href":"https:\/\/giantislandspace.com\/es\/wp-json\/wp\/v2\/comments?post=4678"}],"version-history":[{"count":1,"href":"https:\/\/giantislandspace.com\/es\/wp-json\/wp\/v2\/product\/4678\/revisions"}],"predecessor-version":[{"id":4721,"href":"https:\/\/giantislandspace.com\/es\/wp-json\/wp\/v2\/product\/4678\/revisions\/4721"}],"wp:featuredmedia":[{"embeddable":true,"href":"https:\/\/giantislandspace.com\/es\/wp-json\/wp\/v2\/media\/4720"}],"wp:attachment":[{"href":"https:\/\/giantislandspace.com\/es\/wp-json\/wp\/v2\/media?parent=4678"}],"wp:term":[{"taxonomy":"brand","embeddable":true,"href":"https:\/\/giantislandspace.com\/es\/wp-json\/wp\/v2\/etheme_brands?post=4678"},{"taxonomy":"product_brand","embeddable":true,"href":"https:\/\/giantislandspace.com\/es\/wp-json\/wp\/v2\/product_brand?post=4678"},{"taxonomy":"product_cat","embeddable":true,"href":"https:\/\/giantislandspace.com\/es\/wp-json\/wp\/v2\/product_cat?post=4678"},{"taxonomy":"product_tag","embeddable":true,"href":"https:\/\/giantislandspace.com\/es\/wp-json\/wp\/v2\/product_tag?post=4678"}],"curies":[{"name":"wp","href":"https:\/\/api.w.org\/{rel}","templated":true}]}}