{"id":4675,"date":"2025-06-11T16:55:14","date_gmt":"2025-06-11T16:55:14","guid":{"rendered":"https:\/\/giantislandspace.com\/?post_type=product&#038;p=4675"},"modified":"2025-06-13T02:26:00","modified_gmt":"2025-06-13T02:26:00","slug":"simulated-taekwondo","status":"publish","type":"product","link":"https:\/\/giantislandspace.com\/es\/producto\/simulated-taekwondo\/","title":{"rendered":"Taekwondo simulado"},"content":{"rendered":"","protected":false},"excerpt":{"rendered":"<p>En la actualidad, est\u00e1 especialmente indicado como actividad de ocio para hacer ejercicio y liberar emociones, con las caracter\u00edsticas de desahogo y alivio del estr\u00e9s, puesta en forma y entretenimiento,<\/p>","protected":false},"featured_media":4710,"comment_status":"open","ping_status":"closed","template":"","meta":[],"etheme_brands":[],"product_brand":[],"product_cat":[78],"product_tag":[],"class_list":{"0":"post-4675","1":"product","2":"type-product","3":"status-publish","4":"has-post-thumbnail","6":"product_cat-digital-sports-equipment","8":"first","9":"instock","10":"shipping-taxable","11":"product-type-simple"},"jetpack_sharing_enabled":true,"_links":{"self":[{"href":"https:\/\/giantislandspace.com\/es\/wp-json\/wp\/v2\/product\/4675","targetHints":{"allow":["GET"]}}],"collection":[{"href":"https:\/\/giantislandspace.com\/es\/wp-json\/wp\/v2\/product"}],"about":[{"href":"https:\/\/giantislandspace.com\/es\/wp-json\/wp\/v2\/types\/product"}],"replies":[{"embeddable":true,"href":"https:\/\/giantislandspace.com\/es\/wp-json\/wp\/v2\/comments?post=4675"}],"version-history":[{"count":2,"href":"https:\/\/giantislandspace.com\/es\/wp-json\/wp\/v2\/product\/4675\/revisions"}],"predecessor-version":[{"id":4888,"href":"https:\/\/giantislandspace.com\/es\/wp-json\/wp\/v2\/product\/4675\/revisions\/4888"}],"wp:featuredmedia":[{"embeddable":true,"href":"https:\/\/giantislandspace.com\/es\/wp-json\/wp\/v2\/media\/4710"}],"wp:attachment":[{"href":"https:\/\/giantislandspace.com\/es\/wp-json\/wp\/v2\/media?parent=4675"}],"wp:term":[{"taxonomy":"brand","embeddable":true,"href":"https:\/\/giantislandspace.com\/es\/wp-json\/wp\/v2\/etheme_brands?post=4675"},{"taxonomy":"product_brand","embeddable":true,"href":"https:\/\/giantislandspace.com\/es\/wp-json\/wp\/v2\/product_brand?post=4675"},{"taxonomy":"product_cat","embeddable":true,"href":"https:\/\/giantislandspace.com\/es\/wp-json\/wp\/v2\/product_cat?post=4675"},{"taxonomy":"product_tag","embeddable":true,"href":"https:\/\/giantislandspace.com\/es\/wp-json\/wp\/v2\/product_tag?post=4675"}],"curies":[{"name":"wp","href":"https:\/\/api.w.org\/{rel}","templated":true}]}}