{"id":4674,"date":"2025-06-11T16:55:14","date_gmt":"2025-06-11T16:55:14","guid":{"rendered":"https:\/\/giantislandspace.com\/?post_type=product&#038;p=4674"},"modified":"2025-06-13T02:25:54","modified_gmt":"2025-06-13T02:25:54","slug":"action-cross","status":"publish","type":"product","link":"https:\/\/giantislandspace.com\/es\/producto\/action-cross\/","title":{"rendered":"Cruz de Acci\u00f3n"},"content":{"rendered":"","protected":false},"excerpt":{"rendered":"<p>En un tiempo limitado, tienes que consultar r\u00e1pidamente las indicaciones de la pared en pantalla y realizar diversas poses y movimientos dif\u00edciles para obtener puntuaciones o registros fotogr\u00e1ficos perfectos a trav\u00e9s de la pared.<\/p>","protected":false},"featured_media":4708,"comment_status":"open","ping_status":"closed","template":"","meta":[],"etheme_brands":[],"product_brand":[],"product_cat":[78],"product_tag":[],"class_list":{"0":"post-4674","1":"product","2":"type-product","3":"status-publish","4":"has-post-thumbnail","6":"product_cat-digital-sports-equipment","8":"first","9":"instock","10":"shipping-taxable","11":"product-type-simple"},"jetpack_sharing_enabled":true,"_links":{"self":[{"href":"https:\/\/giantislandspace.com\/es\/wp-json\/wp\/v2\/product\/4674","targetHints":{"allow":["GET"]}}],"collection":[{"href":"https:\/\/giantislandspace.com\/es\/wp-json\/wp\/v2\/product"}],"about":[{"href":"https:\/\/giantislandspace.com\/es\/wp-json\/wp\/v2\/types\/product"}],"replies":[{"embeddable":true,"href":"https:\/\/giantislandspace.com\/es\/wp-json\/wp\/v2\/comments?post=4674"}],"version-history":[{"count":2,"href":"https:\/\/giantislandspace.com\/es\/wp-json\/wp\/v2\/product\/4674\/revisions"}],"predecessor-version":[{"id":4887,"href":"https:\/\/giantislandspace.com\/es\/wp-json\/wp\/v2\/product\/4674\/revisions\/4887"}],"wp:featuredmedia":[{"embeddable":true,"href":"https:\/\/giantislandspace.com\/es\/wp-json\/wp\/v2\/media\/4708"}],"wp:attachment":[{"href":"https:\/\/giantislandspace.com\/es\/wp-json\/wp\/v2\/media?parent=4674"}],"wp:term":[{"taxonomy":"brand","embeddable":true,"href":"https:\/\/giantislandspace.com\/es\/wp-json\/wp\/v2\/etheme_brands?post=4674"},{"taxonomy":"product_brand","embeddable":true,"href":"https:\/\/giantislandspace.com\/es\/wp-json\/wp\/v2\/product_brand?post=4674"},{"taxonomy":"product_cat","embeddable":true,"href":"https:\/\/giantislandspace.com\/es\/wp-json\/wp\/v2\/product_cat?post=4674"},{"taxonomy":"product_tag","embeddable":true,"href":"https:\/\/giantislandspace.com\/es\/wp-json\/wp\/v2\/product_tag?post=4674"}],"curies":[{"name":"wp","href":"https:\/\/api.w.org\/{rel}","templated":true}]}}