{"id":4636,"date":"2025-06-11T16:02:43","date_gmt":"2025-06-11T16:02:43","guid":{"rendered":"https:\/\/giantislandspace.com\/?post_type=product&#038;p=4636"},"modified":"2025-06-11T19:09:30","modified_gmt":"2025-06-11T19:09:30","slug":"elastic-ball","status":"publish","type":"product","link":"https:\/\/giantislandspace.com\/es\/producto\/elastic-ball\/","title":{"rendered":"Bola el\u00e1stica"},"content":{"rendered":"","protected":false},"excerpt":{"rendered":"<p>A medida que la tecnolog\u00eda inmersiva sigue redefiniendo el entretenimiento, la educaci\u00f3n y las exposiciones interactivas, cada vez son m\u00e1s los lugares que recurren a ella. <strong data-start=\"338\" data-end=\"372\">C\u00e1psula inmersiva Digital Traverse<\/strong> para mejorar la interacci\u00f3n y aumentar el tr\u00e1fico. He aqu\u00ed tres casos reales que demuestran la versatilidad y el valor empresarial de esta soluci\u00f3n de vanguardia.<\/p>","protected":false},"featured_media":4659,"comment_status":"open","ping_status":"closed","template":"","meta":[],"etheme_brands":[],"product_brand":[],"product_cat":[35],"product_tag":[],"class_list":{"0":"post-4636","1":"product","2":"type-product","3":"status-publish","4":"has-post-thumbnail","6":"product_cat-extreme-play","8":"first","9":"instock","10":"shipping-taxable","11":"product-type-simple"},"jetpack_sharing_enabled":true,"_links":{"self":[{"href":"https:\/\/giantislandspace.com\/es\/wp-json\/wp\/v2\/product\/4636","targetHints":{"allow":["GET"]}}],"collection":[{"href":"https:\/\/giantislandspace.com\/es\/wp-json\/wp\/v2\/product"}],"about":[{"href":"https:\/\/giantislandspace.com\/es\/wp-json\/wp\/v2\/types\/product"}],"replies":[{"embeddable":true,"href":"https:\/\/giantislandspace.com\/es\/wp-json\/wp\/v2\/comments?post=4636"}],"version-history":[{"count":3,"href":"https:\/\/giantislandspace.com\/es\/wp-json\/wp\/v2\/product\/4636\/revisions"}],"predecessor-version":[{"id":4657,"href":"https:\/\/giantislandspace.com\/es\/wp-json\/wp\/v2\/product\/4636\/revisions\/4657"}],"wp:featuredmedia":[{"embeddable":true,"href":"https:\/\/giantislandspace.com\/es\/wp-json\/wp\/v2\/media\/4659"}],"wp:attachment":[{"href":"https:\/\/giantislandspace.com\/es\/wp-json\/wp\/v2\/media?parent=4636"}],"wp:term":[{"taxonomy":"brand","embeddable":true,"href":"https:\/\/giantislandspace.com\/es\/wp-json\/wp\/v2\/etheme_brands?post=4636"},{"taxonomy":"product_brand","embeddable":true,"href":"https:\/\/giantislandspace.com\/es\/wp-json\/wp\/v2\/product_brand?post=4636"},{"taxonomy":"product_cat","embeddable":true,"href":"https:\/\/giantislandspace.com\/es\/wp-json\/wp\/v2\/product_cat?post=4636"},{"taxonomy":"product_tag","embeddable":true,"href":"https:\/\/giantislandspace.com\/es\/wp-json\/wp\/v2\/product_tag?post=4636"}],"curies":[{"name":"wp","href":"https:\/\/api.w.org\/{rel}","templated":true}]}}