{"id":837,"date":"2023-02-09T13:21:26","date_gmt":"2023-02-09T13:21:26","guid":{"rendered":"https:\/\/xstore.8theme.com\/elementor2\/industrial-power-tools\/?post_type=product&#038;p=837"},"modified":"2025-06-13T02:27:21","modified_gmt":"2025-06-13T02:27:21","slug":"rock-climbing","status":"publish","type":"product","link":"https:\/\/giantislandspace.com\/de\/produkt\/rock-climbing\/","title":{"rendered":"Klettern"},"content":{"rendered":"","protected":false},"excerpt":{"rendered":"<p>Da die immersive Technologie Unterhaltung, Bildung und interaktive Ausstellungen neu definiert, setzen immer mehr Veranstaltungsorte auf die <strong data-start=\"338\" data-end=\"372\">Digital Traverse Immersive Pod<\/strong> um das Engagement zu erh\u00f6hen und die Besucherzahlen zu steigern. Hier finden Sie drei reale Anwendungsf\u00e4lle, die die Vielseitigkeit und den gesch\u00e4ftlichen Nutzen dieser innovativen L\u00f6sung zeigen.<\/p>","protected":false},"featured_media":4599,"comment_status":"open","ping_status":"closed","template":"","meta":[],"etheme_brands":[],"product_brand":[],"product_cat":[40],"product_tag":[],"class_list":{"0":"post-837","1":"product","2":"type-product","3":"status-publish","4":"has-post-thumbnail","6":"product_cat-climbing-series","8":"first","9":"instock","10":"shipping-taxable","11":"product-type-simple"},"jetpack_sharing_enabled":true,"_links":{"self":[{"href":"https:\/\/giantislandspace.com\/de\/wp-json\/wp\/v2\/product\/837","targetHints":{"allow":["GET"]}}],"collection":[{"href":"https:\/\/giantislandspace.com\/de\/wp-json\/wp\/v2\/product"}],"about":[{"href":"https:\/\/giantislandspace.com\/de\/wp-json\/wp\/v2\/types\/product"}],"replies":[{"embeddable":true,"href":"https:\/\/giantislandspace.com\/de\/wp-json\/wp\/v2\/comments?post=837"}],"version-history":[{"count":8,"href":"https:\/\/giantislandspace.com\/de\/wp-json\/wp\/v2\/product\/837\/revisions"}],"predecessor-version":[{"id":4603,"href":"https:\/\/giantislandspace.com\/de\/wp-json\/wp\/v2\/product\/837\/revisions\/4603"}],"wp:featuredmedia":[{"embeddable":true,"href":"https:\/\/giantislandspace.com\/de\/wp-json\/wp\/v2\/media\/4599"}],"wp:attachment":[{"href":"https:\/\/giantislandspace.com\/de\/wp-json\/wp\/v2\/media?parent=837"}],"wp:term":[{"taxonomy":"brand","embeddable":true,"href":"https:\/\/giantislandspace.com\/de\/wp-json\/wp\/v2\/etheme_brands?post=837"},{"taxonomy":"product_brand","embeddable":true,"href":"https:\/\/giantislandspace.com\/de\/wp-json\/wp\/v2\/product_brand?post=837"},{"taxonomy":"product_cat","embeddable":true,"href":"https:\/\/giantislandspace.com\/de\/wp-json\/wp\/v2\/product_cat?post=837"},{"taxonomy":"product_tag","embeddable":true,"href":"https:\/\/giantislandspace.com\/de\/wp-json\/wp\/v2\/product_tag?post=837"}],"curies":[{"name":"wp","href":"https:\/\/api.w.org\/{rel}","templated":true}]}}