{"id":5289,"date":"2025-07-21T11:31:24","date_gmt":"2025-07-21T11:31:24","guid":{"rendered":"https:\/\/giantislandspace.com\/?post_type=product&#038;p=5289"},"modified":"2025-08-21T10:23:52","modified_gmt":"2025-08-21T10:23:52","slug":"rhythmic-lattice","status":"publish","type":"product","link":"https:\/\/giantislandspace.com\/de\/produkt\/rhythmic-lattice\/","title":{"rendered":"RHYTHMISCHES GEFLECHT"},"content":{"rendered":"<div class=\"flex flex-row w-full\" data-testid=\"message_content\" data-message-id=\"13089803365835266\">\n<div class=\"w-full\" data-plugin-identifier=\"Symbol(receive-simple-search-content)\">\n<div class=\"container-ZYIsnH flow-markdown-body theme-samantha-Nbr9UN\" dir=\"ltr\" data-testid=\"message_text_content\" data-show-indicator=\"false\">\n<div class=\"auto-hide-last-sibling-br paragraph-JOTKXA paragraph-element br-paragraph-space\">Rhythm Grid ist ein interaktives Spiel, das Musik und Tanz verbindet. Die Spieler m\u00fcssen im Rhythmus der Musik auf bestimmte Raster springen und eine Reihe von Aktionen ausf\u00fchren. Dieses Spiel ist nicht nur ein Test f\u00fcr die k\u00f6rperliche Koordination, sondern erm\u00f6glicht es auch, Stress mit Freude abzubauen.<\/div>\n<p><br class=\"container-utlnW2 wrapper-d0Cc1k undefined\" \/><\/p>\n<div class=\"auto-hide-last-sibling-br paragraph-JOTKXA paragraph-element br-paragraph-space\">Die Regeln des Spiels sind einfach. Die gr\u00fcnen Gitter sind sichere Bereiche, die roten Gitter m\u00fcssen gemieden werden, und wenn man auf ein rotes Gitter tritt, wird ein Punkt abgezogen. Die Spieler m\u00fcssen auf alle blauen Gitter auf dem Spielfeld treten, um in die n\u00e4chste Ebene zu gelangen. Jeder Level besteht aus mehr als einem Dutzend kleinerer Level, und der Schwierigkeitsgrad steigt allm\u00e4hlich von leicht zu schwer.<\/div>\n<p><br class=\"container-utlnW2 wrapper-d0Cc1k undefined\" \/><\/p>\n<div class=\"auto-hide-last-sibling-br paragraph-JOTKXA paragraph-element br-paragraph-space\">Dieses Mehrspieler-Spiel eignet sich nicht nur f\u00fcr die Interaktion zwischen Eltern und Kindern, sondern auch f\u00fcr Freundestreffen und die Teambildung in Unternehmen. Es kann nicht nur die Hand-Gehirn-Koordination der Kinder trainieren, sondern auch schnell die Beziehung zwischen Paaren aufw\u00e4rmen. Je mehr Leute da sind, desto mehr Spa\u00df macht es. Kommen Sie und laden Sie Ihre Freunde ein, es herauszufordern!<\/div>\n<\/div>\n<div>\n<div>\n<div class=\"entry-btn-quuvpZ\" data-testid=\"search-reference-ui\">\n<div class=\"flex items-center gap-8 justify-center\"><\/div>\n<\/div>\n<\/div>\n<\/div>\n<\/div>\n<\/div>","protected":false},"excerpt":{"rendered":"<div data-zone-id=\"0\" data-line-index=\"0\" data-line=\"true\">Dieses Spiel hat ein interaktives Multiplayer-Design und eignet sich daher hervorragend f\u00fcr Eltern-Kind-Zeiten, Freundestreffen und Teambuilding-Aktivit\u00e4ten in Unternehmen. Wenn Eltern und Kinder zusammen teilnehmen, kann es die Hand-Augen-Koordination und Reaktionsgeschwindigkeit der Kinder mit Freude trainieren und die Eltern-Kind-Beziehung verbessern.<\/div>","protected":false},"featured_media":5290,"comment_status":"open","ping_status":"closed","template":"","meta":[],"etheme_brands":[],"product_brand":[],"product_cat":[21],"product_tag":[316,315,317,314,313],"class_list":{"0":"post-5289","1":"product","2":"type-product","3":"status-publish","4":"has-post-thumbnail","6":"product_cat-uncategorized","7":"product_tag-and-company-team-building-activities-when-parents-and-children-participate-together","8":"product_tag-friends-gatherings","9":"product_tag-it-can-exercise-childrens-hand-eye-coordination-and-reaction-speed-in-joy-and-enhance-parent-child-relationships","10":"product_tag-making-it-an-excellent-choice-for-parent-child-time","11":"product_tag-this-game-adopts-a-multiplayer-interactive-design","13":"first","14":"instock","15":"shipping-taxable","16":"product-type-simple"},"jetpack_sharing_enabled":true,"_links":{"self":[{"href":"https:\/\/giantislandspace.com\/de\/wp-json\/wp\/v2\/product\/5289","targetHints":{"allow":["GET"]}}],"collection":[{"href":"https:\/\/giantislandspace.com\/de\/wp-json\/wp\/v2\/product"}],"about":[{"href":"https:\/\/giantislandspace.com\/de\/wp-json\/wp\/v2\/types\/product"}],"replies":[{"embeddable":true,"href":"https:\/\/giantislandspace.com\/de\/wp-json\/wp\/v2\/comments?post=5289"}],"version-history":[{"count":1,"href":"https:\/\/giantislandspace.com\/de\/wp-json\/wp\/v2\/product\/5289\/revisions"}],"predecessor-version":[{"id":5291,"href":"https:\/\/giantislandspace.com\/de\/wp-json\/wp\/v2\/product\/5289\/revisions\/5291"}],"wp:featuredmedia":[{"embeddable":true,"href":"https:\/\/giantislandspace.com\/de\/wp-json\/wp\/v2\/media\/5290"}],"wp:attachment":[{"href":"https:\/\/giantislandspace.com\/de\/wp-json\/wp\/v2\/media?parent=5289"}],"wp:term":[{"taxonomy":"brand","embeddable":true,"href":"https:\/\/giantislandspace.com\/de\/wp-json\/wp\/v2\/etheme_brands?post=5289"},{"taxonomy":"product_brand","embeddable":true,"href":"https:\/\/giantislandspace.com\/de\/wp-json\/wp\/v2\/product_brand?post=5289"},{"taxonomy":"product_cat","embeddable":true,"href":"https:\/\/giantislandspace.com\/de\/wp-json\/wp\/v2\/product_cat?post=5289"},{"taxonomy":"product_tag","embeddable":true,"href":"https:\/\/giantislandspace.com\/de\/wp-json\/wp\/v2\/product_tag?post=5289"}],"curies":[{"name":"wp","href":"https:\/\/api.w.org\/{rel}","templated":true}]}}