{"id":5286,"date":"2025-07-21T11:20:33","date_gmt":"2025-07-21T11:20:33","guid":{"rendered":"https:\/\/giantislandspace.com\/?post_type=product&#038;p=5286"},"modified":"2025-09-18T20:19:01","modified_gmt":"2025-09-18T20:19:01","slug":"theme-climbing","status":"publish","type":"product","link":"https:\/\/giantislandspace.com\/de\/produkt\/theme-climbing\/","title":{"rendered":"THEMA KLETTERN"},"content":{"rendered":"<div class=\"ace-line\" dir=\"auto\" data-node=\"true\"><span data-leaf=\"true\"><span class=\"lb\">Erh\u00f6hen Sie den Erlebnisquotienten Ihres Veranstaltungsortes mit unserem <\/span><\/span><span data-leaf=\"true\"><span class=\"lb\">Thematisches Kletterprojekt<\/span><\/span><span data-leaf=\"true\"><span class=\"lb\">-eine perfekte Mischung aus Spannung, Sicherheit und fesselnden Geschichten, die exklusiv f\u00fcr Sportzentren, Abenteuerparks und Freizeiteinrichtungen entwickelt wurde.<\/span><\/span><span data-string=\"true\" data-enter=\"true\" data-leaf=\"true\">\u200b<\/span><\/div>\n<div class=\"ace-line\" dir=\"auto\" data-node=\"true\"><span data-leaf=\"true\"><span class=\"lb\">Dieses Projekt ist mehr als nur eine Kletterwand und verwandelt vertikale Herausforderungen in unvergessliche Reisen. W\u00e4hlen Sie aus anpassbaren Themen - ob eine schroffe Berglandschaft, eine futuristische urbane Skyline oder eine magische Waldexpedition - jede Kletterpartie wird zu einem einzigartigen erz\u00e4hlerischen Erlebnis, das Kletterer jeden Alters und jeder K\u00f6nnensstufe in seinen Bann zieht.<\/span><\/span><span data-string=\"true\" data-enter=\"true\" data-leaf=\"true\">\u200b<\/span><\/div>\n<div class=\"ace-line\" dir=\"auto\" data-node=\"true\"><span data-leaf=\"true\"><span class=\"lb\">Sicherheit ist unser Fundament. Die Struktur verf\u00fcgt \u00fcber industrietaugliche Klettergriffe, rutschfeste Oberfl\u00e4chen und dynamische Sicherungssysteme, die alle nach internationalen Sicherheitsstandards zertifiziert sind. Die einstellbaren Schwierigkeitsgrade (von anf\u00e4ngerfreundlichen H\u00e4ngen bis hin zu \u00dcberh\u00e4ngen f\u00fcr Profis) sorgen daf\u00fcr, dass jeder - vom Anf\u00e4nger bis zum erfahrenen Kletterer - seine perfekte Herausforderung findet.<\/span><\/span><span data-string=\"true\" data-enter=\"true\" data-leaf=\"true\">\u200b<\/span><\/div>\n<div class=\"ace-line\" dir=\"auto\" data-node=\"true\"><span data-leaf=\"true\"><span class=\"lb\">Die Kletterw\u00e4nde sind f\u00fcr Langlebigkeit und hohe Frequentierung konzipiert und bestehen aus wetterfesten Materialien, so dass sie sich sowohl f\u00fcr Innen- als auch f\u00fcr \u00fcberdachte Au\u00dfenbereiche eignen. Das modulare Design erm\u00f6glicht eine einfache Erweiterung oder thematische Aktualisierung, sodass Ihr Veranstaltungsort das ganze Jahr \u00fcber frisch und ansprechend bleibt.<\/span><\/span><span data-string=\"true\" data-enter=\"true\" data-leaf=\"true\">\u200b<\/span><\/div>\n<div class=\"ace-line\" dir=\"auto\" data-node=\"true\"><span data-leaf=\"true\"><span class=\"lb\">Neben der k\u00f6rperlichen Bet\u00e4tigung ist es auch ein Ort der Gemeinschaft und des Wettbewerbs. Veranstalten Sie Kletterworkshops, Teambuilding-Events oder thematische Herausforderungen, um die Besucherzahlen zu steigern und bleibende Erinnerungen zu schaffen. Er ist ideal f\u00fcr Familien, Freunde und Firmengruppen und macht aus aktiver Freizeitgestaltung ein Abenteuer, das sich zu wiederholen lohnt.<\/span><\/span><span data-string=\"true\" data-enter=\"true\" data-leaf=\"true\">\u200b<\/span><\/div>\n<div class=\"ace-line\" dir=\"auto\" data-node=\"true\"><span data-leaf=\"true\"><span class=\"lb\">Entfesseln Sie den Nervenkitzel der vertikalen Erkundung. Verwandeln Sie Ihren Raum in ein Ziel, bei dem jeder Aufstieg eine Geschichte erz\u00e4hlt - mit unserem thematischen Kletterprojekt.<\/span><\/span><span data-string=\"true\" data-enter=\"true\" data-leaf=\"true\">\u200b<\/span><\/div>\n<div class=\"ace-line\" dir=\"auto\" data-node=\"true\"><span data-leaf=\"true\"><span class=\"lb\">Klettern Sie \u00fcber die Grenzen hinaus, wo Abenteuer auf Fantasie trifft.<\/span><\/span><span data-string=\"true\" data-enter=\"true\" data-leaf=\"true\">\u200b<\/span><\/div>","protected":false},"excerpt":{"rendered":"<div class=\"ace-line\" dir=\"auto\" data-node=\"true\"><span data-leaf=\"true\"><span class=\"lb\">Unser thematisches Kletterprojekt verbindet Spannung, Sicherheit und eindringliche Erz\u00e4hlungen f\u00fcr Sportzentren und Abenteuerparks. Mit anpassbaren Themen wie Berglandschaften, Stadtsilhouetten oder Waldexpeditionen verwandelt es Klettereien in einzigartige Erz\u00e4hlungen. Ausgestattet mit industrietauglichen Griffen, rutschfesten Oberfl\u00e4chen und zertifizierten Sicherungssystemen sorgt es f\u00fcr Sicherheit in einstellbaren Schwierigkeitsgraden. Die witterungsbest\u00e4ndigen, modularen Materialien eignen sich f\u00fcr den Einsatz im Innen- und Au\u00dfenbereich und lassen sich leicht aktualisieren. Es eignet sich perfekt f\u00fcr Familien, Teams oder Workshops und verwandelt aktive Freizeitaktivit\u00e4ten in wiederholbare Abenteuer.<\/span><\/span><span data-string=\"true\" data-enter=\"true\" data-leaf=\"true\">\u200b<\/span><\/div>","protected":false},"featured_media":5287,"comment_status":"open","ping_status":"closed","template":"","meta":[],"etheme_brands":[],"product_brand":[],"product_cat":[21],"product_tag":[301,308,288,295,296,184,306,307,298,293,290,294,304,260,297,311,305,242,310,299,292,300,263,312,289,87,302,303,291,309],"class_list":{"0":"post-5286","1":"product","2":"type-product","3":"status-publish","4":"has-post-thumbnail","6":"product_cat-uncategorized","7":"product_tag-active-lifestyle","8":"product_tag-adjustable-difficulty-levels","9":"product_tag-adventure-innovation","10":"product_tag-adventure-leadership","11":"product_tag-adventure-sports","12":"product_tag-adventure-tourism","13":"product_tag-anti-slip-surfaces","14":"product_tag-certified-belay-systems","15":"product_tag-climbing-facilities","16":"product_tag-creative-concepts","17":"product_tag-custom-design-expertise","18":"product_tag-customer-trust","19":"product_tag-customizable-themes","20":"product_tag-durable-engineering","21":"product_tag-indoor-recreation","22":"product_tag-indoor-outdoor-compatibility","23":"product_tag-industrial-grade-holds","24":"product_tag-leisure-industry","25":"product_tag-modular-design","26":"product_tag-outdoor-adventure","27":"product_tag-quality-craftsmanship","28":"product_tag-recreation-equipment","29":"product_tag-reliable-performance","30":"product_tag-repeatable-adventure-experiences","31":"product_tag-safety-excellence","32":"product_tag-sports-entertainment","33":"product_tag-team-building-venues","34":"product_tag-themed-climbing-walls","35":"product_tag-user-centric-solutions","36":"product_tag-weather-resistant-materials","38":"first","39":"instock","40":"shipping-taxable","41":"product-type-simple"},"jetpack_sharing_enabled":true,"_links":{"self":[{"href":"https:\/\/giantislandspace.com\/de\/wp-json\/wp\/v2\/product\/5286","targetHints":{"allow":["GET"]}}],"collection":[{"href":"https:\/\/giantislandspace.com\/de\/wp-json\/wp\/v2\/product"}],"about":[{"href":"https:\/\/giantislandspace.com\/de\/wp-json\/wp\/v2\/types\/product"}],"replies":[{"embeddable":true,"href":"https:\/\/giantislandspace.com\/de\/wp-json\/wp\/v2\/comments?post=5286"}],"version-history":[{"count":1,"href":"https:\/\/giantislandspace.com\/de\/wp-json\/wp\/v2\/product\/5286\/revisions"}],"predecessor-version":[{"id":5288,"href":"https:\/\/giantislandspace.com\/de\/wp-json\/wp\/v2\/product\/5286\/revisions\/5288"}],"wp:featuredmedia":[{"embeddable":true,"href":"https:\/\/giantislandspace.com\/de\/wp-json\/wp\/v2\/media\/5287"}],"wp:attachment":[{"href":"https:\/\/giantislandspace.com\/de\/wp-json\/wp\/v2\/media?parent=5286"}],"wp:term":[{"taxonomy":"brand","embeddable":true,"href":"https:\/\/giantislandspace.com\/de\/wp-json\/wp\/v2\/etheme_brands?post=5286"},{"taxonomy":"product_brand","embeddable":true,"href":"https:\/\/giantislandspace.com\/de\/wp-json\/wp\/v2\/product_brand?post=5286"},{"taxonomy":"product_cat","embeddable":true,"href":"https:\/\/giantislandspace.com\/de\/wp-json\/wp\/v2\/product_cat?post=5286"},{"taxonomy":"product_tag","embeddable":true,"href":"https:\/\/giantislandspace.com\/de\/wp-json\/wp\/v2\/product_tag?post=5286"}],"curies":[{"name":"wp","href":"https:\/\/api.w.org\/{rel}","templated":true}]}}