{"id":5259,"date":"2025-07-21T09:20:21","date_gmt":"2025-07-21T09:20:21","guid":{"rendered":"https:\/\/giantislandspace.com\/?post_type=product&#038;p=5259"},"modified":"2025-07-21T09:20:21","modified_gmt":"2025-07-21T09:20:21","slug":"extreme-swinging-rope","status":"publish","type":"product","link":"https:\/\/giantislandspace.com\/de\/produkt\/extreme-swinging-rope\/","title":{"rendered":"EXTREM SCHWINGENDES SEIL"},"content":{"rendered":"<p>Seilschaukel in gro\u00dfer H\u00f6he: Wage den Sprung, schwebe durch die Luft und sp\u00fcre den ultimativen Nervenkitzel der Freiheit.<\/p>","protected":false},"excerpt":{"rendered":"<p>Wagen Sie den Hochseilschwung: Ein Sprung in die pure Aufregung.<\/p>","protected":false},"featured_media":5261,"comment_status":"open","ping_status":"closed","template":"","meta":[],"etheme_brands":[],"product_brand":[],"product_cat":[21],"product_tag":[128,132,127,129,134,131,130,135,133],"class_list":{"0":"post-5259","1":"product","2":"type-product","3":"status-publish","4":"has-post-thumbnail","6":"product_cat-uncategorized","7":"product_tag-a-brave-leap","8":"product_tag-courage-blooms","9":"product_tag-high-rope-swing","10":"product_tag-leap-forth","11":"product_tag-leap-to-swing","12":"product_tag-swing-and-soar","13":"product_tag-swing-to-the-sky","14":"product_tag-thrill-takes-flight","15":"product_tag-unleash-the-wild","17":"first","18":"instock","19":"shipping-taxable","20":"product-type-simple"},"jetpack_sharing_enabled":true,"_links":{"self":[{"href":"https:\/\/giantislandspace.com\/de\/wp-json\/wp\/v2\/product\/5259","targetHints":{"allow":["GET"]}}],"collection":[{"href":"https:\/\/giantislandspace.com\/de\/wp-json\/wp\/v2\/product"}],"about":[{"href":"https:\/\/giantislandspace.com\/de\/wp-json\/wp\/v2\/types\/product"}],"replies":[{"embeddable":true,"href":"https:\/\/giantislandspace.com\/de\/wp-json\/wp\/v2\/comments?post=5259"}],"version-history":[{"count":1,"href":"https:\/\/giantislandspace.com\/de\/wp-json\/wp\/v2\/product\/5259\/revisions"}],"predecessor-version":[{"id":5262,"href":"https:\/\/giantislandspace.com\/de\/wp-json\/wp\/v2\/product\/5259\/revisions\/5262"}],"wp:featuredmedia":[{"embeddable":true,"href":"https:\/\/giantislandspace.com\/de\/wp-json\/wp\/v2\/media\/5261"}],"wp:attachment":[{"href":"https:\/\/giantislandspace.com\/de\/wp-json\/wp\/v2\/media?parent=5259"}],"wp:term":[{"taxonomy":"brand","embeddable":true,"href":"https:\/\/giantislandspace.com\/de\/wp-json\/wp\/v2\/etheme_brands?post=5259"},{"taxonomy":"product_brand","embeddable":true,"href":"https:\/\/giantislandspace.com\/de\/wp-json\/wp\/v2\/product_brand?post=5259"},{"taxonomy":"product_cat","embeddable":true,"href":"https:\/\/giantislandspace.com\/de\/wp-json\/wp\/v2\/product_cat?post=5259"},{"taxonomy":"product_tag","embeddable":true,"href":"https:\/\/giantislandspace.com\/de\/wp-json\/wp\/v2\/product_tag?post=5259"}],"curies":[{"name":"wp","href":"https:\/\/api.w.org\/{rel}","templated":true}]}}