{"id":5249,"date":"2025-07-21T09:27:41","date_gmt":"2025-07-21T09:27:41","guid":{"rendered":"https:\/\/giantislandspace.com\/?post_type=product&#038;p=5249"},"modified":"2025-07-21T09:27:42","modified_gmt":"2025-07-21T09:27:42","slug":"human-pinballs","status":"publish","type":"product","link":"https:\/\/giantislandspace.com\/de\/produkt\/human-pinballs\/","title":{"rendered":"Menschliche Flipperkugeln"},"content":{"rendered":"<div class=\"ace-line heading-h1\" dir=\"auto\" data-node=\"true\"><span data-leaf=\"true\"><span class=\"lb\">Menschlicher Flipper: Das ultimative Extrem-Erlebnis<\/span><\/span><span data-string=\"true\" data-enter=\"true\" data-leaf=\"true\">\u200b<\/span><\/div>\n<div class=\"ace-line\" dir=\"auto\" data-node=\"true\"><span data-leaf=\"true\"><span class=\"lb\">Stellen Sie sich vor, Sie werden in eine der Schwerkraft trotzende Arena geschleudert, prallen mit \u00e4u\u00dferster Pr\u00e4zision von der Wand ab und vollf\u00fchren in der Luft Drehungen, die die Grenze zwischen Sport und Spektakel verschwimmen lassen. Das ist keine Videospiel-Fantasie - es ist Human Pinball, der adrenalingeladenste Extremsport, den es auf diesem Planeten gibt.<\/span><\/span><span data-string=\"true\" data-enter=\"true\" data-leaf=\"true\">\u200b<\/span><\/div>\n<div class=\"ace-line\" dir=\"auto\" data-node=\"true\"><span data-leaf=\"true\"><span class=\"lb\">Schnallen Sie sich in unser ma\u00dfgefertigtes Gurtzeug, das Bewegungsfreiheit und kompromisslose Sicherheit vereint. Wenn Sie die Startplattform betreten, rast Ihr Herz im Takt des Countdowns. 3... 2... 1... und pl\u00f6tzlich schweben Sie, angetrieben durch kontrollierte Kraft, in ein vibrierendes Labyrinth aus schr\u00e4gen Abprallfl\u00e4chen. Jeder Aufprall schickt dich zu neuen M\u00f6glichkeiten und verwandelt den Schwung mit jedem kalkulierten Man\u00f6ver in Kunstfertigkeit.<\/span><\/span><span data-string=\"true\" data-enter=\"true\" data-leaf=\"true\">\u200b<\/span><\/div>\n<div class=\"ace-line\" dir=\"auto\" data-node=\"true\"><span data-leaf=\"true\"><span class=\"lb\">Hier geht es nicht nur um Geschwindigkeit, sondern auch darum, das Chaos zu meistern. Sp\u00fcren Sie den Rausch, wenn Sie sich mitten im Flug drehen, die Kurven der Arena nutzen, um Ihren Weg umzuleiten und Ihre Gegner in Teamwettbewerben auszuman\u00f6vrieren. Egal, ob du um die h\u00f6chste Punktzahl k\u00e4mpfst oder einfach nur dem perfekten Sprung hinterherjagst, Human Pinball macht jede Sekunde zu einer Geschichte, die es wert ist, dass man dar\u00fcber schreit.<\/span><\/span><span data-string=\"true\" data-enter=\"true\" data-leaf=\"true\">\u200b<\/span><\/div>\n<div class=\"ace-line\" dir=\"auto\" data-node=\"true\"><span data-leaf=\"true\"><span class=\"lb\">Unsere hochmodernen Einrichtungen verf\u00fcgen \u00fcber klimatisierte Arenen, erstklassige Sicherheitssysteme und ein Team von zertifizierten Trainern, die Anf\u00e4nger und Profis anleiten. Jede Sitzung ist eine leere Leinwand, auf der Ihr Mut die Regeln schreibt.<\/span><\/span><span data-string=\"true\" data-enter=\"true\" data-leaf=\"true\">\u200b<\/span><\/div>\n<div class=\"ace-line\" dir=\"auto\" data-node=\"true\"><span data-leaf=\"true\"><span class=\"lb\">Wagen Sie es, die M\u00f6glichkeiten Ihres K\u00f6rpers neu zu definieren. Human Pinball ist nicht nur ein Sport - es ist eine Revolution in Bewegung. Sind Sie bereit, \u00fcber Ihre Grenzen hinauszugehen?<\/span><\/span><\/div>","protected":false},"excerpt":{"rendered":"<p>Human Pinball ist eine Mischung aus Nervenkitzel und Geschicklichkeit. Schnallen Sie sich in ein sicheres Gurtzeug, starten Sie in eine Arena und prallen Sie von Oberfl\u00e4chen ab. F\u00fchren Sie Drehungen in der Luft aus, lenken Sie Bahnen um und treten Sie gegeneinander an. Mit erstklassigen Einrichtungen und Trainern trifft hier Mut auf Chaos. Bist du bereit, \u00fcber deine Grenzen hinaus zu springen?<\/p>","protected":false},"featured_media":5256,"comment_status":"open","ping_status":"closed","template":"","meta":[],"etheme_brands":[],"product_brand":[],"product_cat":[21],"product_tag":[148,144,146,150,152,137,155,158,143,154,139,157,160,147,138,151,142,141,140,136,153,156,159,145,149],"class_list":{"0":"post-5249","1":"product","2":"type-product","3":"status-publish","4":"has-post-thumbnail","6":"product_cat-uncategorized","7":"product_tag-actionleisure","8":"product_tag-actionthrills","9":"product_tag-adventureplay","10":"product_tag-adventurerecreation","11":"product_tag-airblast","12":"product_tag-airpulse","13":"product_tag-airsphere","14":"product_tag-airspin","15":"product_tag-bouncefusion","16":"product_tag-bouncegear","17":"product_tag-bouncenexus","18":"product_tag-bouncethrust","19":"product_tag-bouncevenue","20":"product_tag-extremeaction","21":"product_tag-extremecraft","22":"product_tag-extremeleisure","23":"product_tag-extremeplex","24":"product_tag-skymotion","25":"product_tag-thrilldrive","26":"product_tag-thrillforge","27":"product_tag-thrilllaunch","28":"product_tag-thrillmove","29":"product_tag-thrillquest","30":"product_tag-thrillrecreation","31":"product_tag-thrillsports","33":"first","34":"instock","35":"shipping-taxable","36":"product-type-simple"},"jetpack_sharing_enabled":true,"_links":{"self":[{"href":"https:\/\/giantislandspace.com\/de\/wp-json\/wp\/v2\/product\/5249","targetHints":{"allow":["GET"]}}],"collection":[{"href":"https:\/\/giantislandspace.com\/de\/wp-json\/wp\/v2\/product"}],"about":[{"href":"https:\/\/giantislandspace.com\/de\/wp-json\/wp\/v2\/types\/product"}],"replies":[{"embeddable":true,"href":"https:\/\/giantislandspace.com\/de\/wp-json\/wp\/v2\/comments?post=5249"}],"version-history":[{"count":1,"href":"https:\/\/giantislandspace.com\/de\/wp-json\/wp\/v2\/product\/5249\/revisions"}],"predecessor-version":[{"id":5270,"href":"https:\/\/giantislandspace.com\/de\/wp-json\/wp\/v2\/product\/5249\/revisions\/5270"}],"wp:featuredmedia":[{"embeddable":true,"href":"https:\/\/giantislandspace.com\/de\/wp-json\/wp\/v2\/media\/5256"}],"wp:attachment":[{"href":"https:\/\/giantislandspace.com\/de\/wp-json\/wp\/v2\/media?parent=5249"}],"wp:term":[{"taxonomy":"brand","embeddable":true,"href":"https:\/\/giantislandspace.com\/de\/wp-json\/wp\/v2\/etheme_brands?post=5249"},{"taxonomy":"product_brand","embeddable":true,"href":"https:\/\/giantislandspace.com\/de\/wp-json\/wp\/v2\/product_brand?post=5249"},{"taxonomy":"product_cat","embeddable":true,"href":"https:\/\/giantislandspace.com\/de\/wp-json\/wp\/v2\/product_cat?post=5249"},{"taxonomy":"product_tag","embeddable":true,"href":"https:\/\/giantislandspace.com\/de\/wp-json\/wp\/v2\/product_tag?post=5249"}],"curies":[{"name":"wp","href":"https:\/\/api.w.org\/{rel}","templated":true}]}}