{"id":5202,"date":"2025-07-21T07:48:40","date_gmt":"2025-07-21T07:48:40","guid":{"rendered":"https:\/\/giantislandspace.com\/?post_type=product&#038;p=5202"},"modified":"2025-07-21T07:52:45","modified_gmt":"2025-07-21T07:52:45","slug":"mini-golf","status":"publish","type":"product","link":"https:\/\/giantislandspace.com\/de\/produkt\/mini-golf\/","title":{"rendered":"MINI GOLF"},"content":{"rendered":"<p data-start=\"0\" data-end=\"98\"><strong data-start=\"0\" data-end=\"37\">Professioneller Minigolfplatz-Bausatz<\/strong><br data-start=\"37\" data-end=\"40\" \/><strong data-start=\"40\" data-end=\"98\">Verwandeln Sie jeden Raum in ein lustiges, familienfreundliches Gr\u00fcn!<\/strong><\/p>\n<p data-start=\"100\" data-end=\"120\"><strong data-start=\"100\" data-end=\"118\">Wichtigste Highlights<\/strong><\/p>\n<ul data-start=\"121\" data-end=\"501\">\n<li data-start=\"121\" data-end=\"218\">\n<p data-start=\"123\" data-end=\"218\"><strong data-start=\"123\" data-end=\"141\">Modularer Aufbau<\/strong>: 6 austauschbare L\u00f6cher und Hindernisse - bauen Sie unz\u00e4hlige Layouts in Minutenschnelle.<\/p>\n<\/li>\n<li data-start=\"219\" data-end=\"315\">\n<p data-start=\"221\" data-end=\"315\"><strong data-start=\"221\" data-end=\"242\">Langlebige Materialien<\/strong>: Hochdichter EVA-Schaumstoff und witterungsbest\u00e4ndiges PVC f\u00fcr den Innen- und Au\u00dfenbereich.<\/p>\n<\/li>\n<li data-start=\"316\" data-end=\"409\">\n<p data-start=\"318\" data-end=\"409\"><strong data-start=\"318\" data-end=\"332\">Einfache Einrichtung<\/strong>: Zusammensteckbare Teile und faltbare Rampen - in weniger als 5 Minuten spielbereit.<\/p>\n<\/li>\n<li data-start=\"410\" data-end=\"501\">\n<p data-start=\"412\" data-end=\"501\"><strong data-start=\"412\" data-end=\"434\">Kompakt und tragbar<\/strong>: Alle Komponenten werden in einem Rollkoffer (80 \u00d7 50 \u00d7 20 cm) aufbewahrt.<\/p>\n<\/li>\n<\/ul>\n<p data-start=\"503\" data-end=\"524\"><strong data-start=\"503\" data-end=\"522\">Technische Daten<\/strong><\/p>\n<ul data-start=\"525\" data-end=\"747\">\n<li data-start=\"525\" data-end=\"590\">\n<p data-start=\"527\" data-end=\"590\"><strong data-start=\"527\" data-end=\"546\">Abmessungen der Bohrung<\/strong>60 \u00d7 40 \u00d7 5 cm (Standard-Minigolfgr\u00f6\u00dfe)<\/p>\n<\/li>\n<li data-start=\"591\" data-end=\"634\">\n<p data-start=\"593\" data-end=\"634\"><strong data-start=\"593\" data-end=\"609\">Gesamtgewicht<\/strong>: 12 kg (einschlie\u00dflich Koffer)<\/p>\n<\/li>\n<li data-start=\"635\" data-end=\"747\">\n<p data-start=\"637\" data-end=\"747\"><strong data-start=\"637\" data-end=\"649\">Enth\u00e4lt<\/strong>: 6 Lochmodule, 4 Hindernis-Sets (Tunnel, Rampen, Br\u00fccken), 2 Putter, 4 Golfb\u00e4lle, Tragetasche<\/p>\n<\/li>\n<\/ul>\n<p data-start=\"749\" data-end=\"766\"><strong data-start=\"749\" data-end=\"764\">Perfekt f\u00fcr<\/strong><\/p>\n<ul data-start=\"767\" data-end=\"900\">\n<li data-start=\"767\" data-end=\"818\">\n<p data-start=\"769\" data-end=\"818\">Familienunterhaltungszentren und Kinderspielzonen<\/p>\n<\/li>\n<li data-start=\"819\" data-end=\"853\">\n<p data-start=\"821\" data-end=\"853\">Firmenveranstaltungen zur Teambildung<\/p>\n<\/li>\n<li data-start=\"854\" data-end=\"900\">\n<p data-start=\"856\" data-end=\"900\">Schulen, Hotels, Resorts und Gemeindeclubs<\/p>\n<\/li>\n<\/ul>\n<p data-start=\"902\" data-end=\"927\"><strong data-start=\"902\" data-end=\"925\">Warum sollten Sie sich f\u00fcr unseren Bausatz entscheiden?<\/strong><\/p>\n<ul data-start=\"928\" data-end=\"1190\">\n<li data-start=\"928\" data-end=\"1011\">\n<p data-start=\"930\" data-end=\"1011\"><strong data-start=\"930\" data-end=\"950\">Engagement f\u00f6rdern<\/strong>: Interaktive Layouts sorgen daf\u00fcr, dass Spieler aller Altersgruppen immer wieder kommen.<\/p>\n<\/li>\n<li data-start=\"1012\" data-end=\"1093\">\n<p data-start=\"1014\" data-end=\"1093\"><strong data-start=\"1014\" data-end=\"1032\">Platz maximieren<\/strong>: Die flexible Konfiguration passt in jeden Raum, Innenhof oder in die Lobby.<\/p>\n<\/li>\n<li data-start=\"1094\" data-end=\"1190\">\n<p data-start=\"1096\" data-end=\"1190\"><strong data-start=\"1096\" data-end=\"1122\">Sicher und wartungsarm<\/strong>: Die Soft-Edge-Konstruktion verhindert Verletzungen; in Sekundenschnelle abwaschbar.<\/p>\n<\/li>\n<\/ul>\n<p data-start=\"1192\" data-end=\"1255\" data-is-last-node=\"\" data-is-only-node=\"\">\ud83d\udc49 <strong data-start=\"1195\" data-end=\"1210\">Heute bestellen<\/strong> und spielen Sie endloses Minigolfvergn\u00fcgen!<\/p>","protected":false},"excerpt":{"rendered":"<p>Verwandeln Sie jeden Raum in einen lustigen Minigolfplatz mit unserem Professional Mini Golf Course Kit. Dieser Bausatz mit sechs modularen L\u00f6chern und vier Hindernis-Sets wird in einem kompakten Rollkoffer geliefert und kann sowohl drinnen als auch drau\u00dfen gespielt werden. Er besteht aus strapazierf\u00e4higem EVA-Schaumstoff und wetterfestem PVC und l\u00e4sst sich in Minutenschnelle mit den zusammensteckbaren Komponenten aufbauen. Es eignet sich perfekt f\u00fcr Familienunterhaltungszentren, Firmenveranstaltungen, Schulen, Hotels und Gemeindeclubs und bietet endlose Layout-M\u00f6glichkeiten, sicheres Spielen und geringen Wartungsaufwand. Abschlag \u00fcberall - interaktiver, fesselnder Spa\u00df f\u00fcr alle Altersgruppen.<\/p>","protected":false},"featured_media":5205,"comment_status":"open","ping_status":"closed","template":"","meta":[],"etheme_brands":[],"product_brand":[],"product_cat":[21],"product_tag":[104,113,117,101,107,111,106,102,96,95,103,98,97,109,110,99,115,116,112,85,108,105,94,114,100],"class_list":{"0":"post-5202","1":"product","2":"type-product","3":"status-publish","4":"has-post-thumbnail","6":"product_cat-uncategorized","7":"product_tag-active-play-zones","8":"product_tag-allweather-pvc","9":"product_tag-customizable-layouts","10":"product_tag-digital-recreation","11":"product_tag-edutainment-venues","12":"product_tag-eva-foam-obstacles","13":"product_tag-experiential-retail","14":"product_tag-family-amusement","15":"product_tag-familyfocused-enterprise","16":"product_tag-global-leisure-innovator","17":"product_tag-indoor-leisure","18":"product_tag-integrated-solution-partner","19":"product_tag-interactive-experience-specialist","20":"product_tag-modular-hole-system","21":"product_tag-portable-playset","22":"product_tag-premium-entertainment-brand","23":"product_tag-quicksetup-course","24":"product_tag-safeedge-design","25":"product_tag-snapfit-assembly","26":"product_tag-sports-entertainment-technology","27":"product_tag-themed-attraction-design","28":"product_tag-trendy-sports-districts","29":"product_tag-turnkey-design-provider","30":"product_tag-wheeled-storage-case","31":"product_tag-youth-lifestyle-leader","33":"first","34":"instock","35":"shipping-taxable","36":"product-type-simple"},"jetpack_sharing_enabled":true,"_links":{"self":[{"href":"https:\/\/giantislandspace.com\/de\/wp-json\/wp\/v2\/product\/5202","targetHints":{"allow":["GET"]}}],"collection":[{"href":"https:\/\/giantislandspace.com\/de\/wp-json\/wp\/v2\/product"}],"about":[{"href":"https:\/\/giantislandspace.com\/de\/wp-json\/wp\/v2\/types\/product"}],"replies":[{"embeddable":true,"href":"https:\/\/giantislandspace.com\/de\/wp-json\/wp\/v2\/comments?post=5202"}],"version-history":[{"count":1,"href":"https:\/\/giantislandspace.com\/de\/wp-json\/wp\/v2\/product\/5202\/revisions"}],"predecessor-version":[{"id":5208,"href":"https:\/\/giantislandspace.com\/de\/wp-json\/wp\/v2\/product\/5202\/revisions\/5208"}],"wp:featuredmedia":[{"embeddable":true,"href":"https:\/\/giantislandspace.com\/de\/wp-json\/wp\/v2\/media\/5205"}],"wp:attachment":[{"href":"https:\/\/giantislandspace.com\/de\/wp-json\/wp\/v2\/media?parent=5202"}],"wp:term":[{"taxonomy":"brand","embeddable":true,"href":"https:\/\/giantislandspace.com\/de\/wp-json\/wp\/v2\/etheme_brands?post=5202"},{"taxonomy":"product_brand","embeddable":true,"href":"https:\/\/giantislandspace.com\/de\/wp-json\/wp\/v2\/product_brand?post=5202"},{"taxonomy":"product_cat","embeddable":true,"href":"https:\/\/giantislandspace.com\/de\/wp-json\/wp\/v2\/product_cat?post=5202"},{"taxonomy":"product_tag","embeddable":true,"href":"https:\/\/giantislandspace.com\/de\/wp-json\/wp\/v2\/product_tag?post=5202"}],"curies":[{"name":"wp","href":"https:\/\/api.w.org\/{rel}","templated":true}]}}