{"id":4680,"date":"2025-06-11T16:55:19","date_gmt":"2025-06-11T16:55:19","guid":{"rendered":"https:\/\/giantislandspace.com\/?post_type=product&#038;p=4680"},"modified":"2025-06-13T02:25:14","modified_gmt":"2025-06-13T02:25:14","slug":"ar-trampoline","status":"publish","type":"product","link":"https:\/\/giantislandspace.com\/de\/produkt\/ar-trampoline\/","title":{"rendered":"AR-Trampolin"},"content":{"rendered":"","protected":false},"excerpt":{"rendered":"<p>Durch die Interaktion zwischen Mensch und Computer ist das Trampolin unterhaltsam und das Spiel wird personifiziert, was das Benutzererlebnis verbessert. w\u00e4hrend des Spiels k\u00f6nnen sich die Benutzer auch sportlich bet\u00e4tigen.<\/p>","protected":false},"featured_media":4729,"comment_status":"open","ping_status":"closed","template":"","meta":[],"etheme_brands":[],"product_brand":[],"product_cat":[78],"product_tag":[],"class_list":{"0":"post-4680","1":"product","2":"type-product","3":"status-publish","4":"has-post-thumbnail","6":"product_cat-digital-sports-equipment","8":"first","9":"instock","10":"shipping-taxable","11":"product-type-simple"},"jetpack_sharing_enabled":true,"_links":{"self":[{"href":"https:\/\/giantislandspace.com\/de\/wp-json\/wp\/v2\/product\/4680","targetHints":{"allow":["GET"]}}],"collection":[{"href":"https:\/\/giantislandspace.com\/de\/wp-json\/wp\/v2\/product"}],"about":[{"href":"https:\/\/giantislandspace.com\/de\/wp-json\/wp\/v2\/types\/product"}],"replies":[{"embeddable":true,"href":"https:\/\/giantislandspace.com\/de\/wp-json\/wp\/v2\/comments?post=4680"}],"version-history":[{"count":1,"href":"https:\/\/giantislandspace.com\/de\/wp-json\/wp\/v2\/product\/4680\/revisions"}],"predecessor-version":[{"id":4730,"href":"https:\/\/giantislandspace.com\/de\/wp-json\/wp\/v2\/product\/4680\/revisions\/4730"}],"wp:featuredmedia":[{"embeddable":true,"href":"https:\/\/giantislandspace.com\/de\/wp-json\/wp\/v2\/media\/4729"}],"wp:attachment":[{"href":"https:\/\/giantislandspace.com\/de\/wp-json\/wp\/v2\/media?parent=4680"}],"wp:term":[{"taxonomy":"brand","embeddable":true,"href":"https:\/\/giantislandspace.com\/de\/wp-json\/wp\/v2\/etheme_brands?post=4680"},{"taxonomy":"product_brand","embeddable":true,"href":"https:\/\/giantislandspace.com\/de\/wp-json\/wp\/v2\/product_brand?post=4680"},{"taxonomy":"product_cat","embeddable":true,"href":"https:\/\/giantislandspace.com\/de\/wp-json\/wp\/v2\/product_cat?post=4680"},{"taxonomy":"product_tag","embeddable":true,"href":"https:\/\/giantislandspace.com\/de\/wp-json\/wp\/v2\/product_tag?post=4680"}],"curies":[{"name":"wp","href":"https:\/\/api.w.org\/{rel}","templated":true}]}}