{"id":4677,"date":"2025-06-11T16:55:16","date_gmt":"2025-06-11T16:55:16","guid":{"rendered":"https:\/\/giantislandspace.com\/?post_type=product&#038;p=4677"},"modified":"2025-06-13T02:25:36","modified_gmt":"2025-06-13T02:25:36","slug":"colorful-squash","status":"publish","type":"product","link":"https:\/\/giantislandspace.com\/de\/produkt\/colorful-squash\/","title":{"rendered":"Bunter K\u00fcrbis"},"content":{"rendered":"","protected":false},"excerpt":{"rendered":"<p>Nach den Grundregeln von Colorful Squash, die Verwendung von Licht und Schatten Interaktion und Spezialeffekte Musik macht den Raum Atmosph\u00e4re mehr voll. Hinzugef\u00fcgt Spiel Szene Einstellungen, um loszuwerden, die Monotonie des Schlagens W\u00e4nde direkt.<\/p>","protected":false},"featured_media":4717,"comment_status":"open","ping_status":"closed","template":"","meta":[],"etheme_brands":[],"product_brand":[],"product_cat":[78],"product_tag":[],"class_list":{"0":"post-4677","1":"product","2":"type-product","3":"status-publish","4":"has-post-thumbnail","6":"product_cat-digital-sports-equipment","8":"first","9":"instock","10":"shipping-taxable","11":"product-type-simple"},"jetpack_sharing_enabled":true,"_links":{"self":[{"href":"https:\/\/giantislandspace.com\/de\/wp-json\/wp\/v2\/product\/4677","targetHints":{"allow":["GET"]}}],"collection":[{"href":"https:\/\/giantislandspace.com\/de\/wp-json\/wp\/v2\/product"}],"about":[{"href":"https:\/\/giantislandspace.com\/de\/wp-json\/wp\/v2\/types\/product"}],"replies":[{"embeddable":true,"href":"https:\/\/giantislandspace.com\/de\/wp-json\/wp\/v2\/comments?post=4677"}],"version-history":[{"count":1,"href":"https:\/\/giantislandspace.com\/de\/wp-json\/wp\/v2\/product\/4677\/revisions"}],"predecessor-version":[{"id":4718,"href":"https:\/\/giantislandspace.com\/de\/wp-json\/wp\/v2\/product\/4677\/revisions\/4718"}],"wp:featuredmedia":[{"embeddable":true,"href":"https:\/\/giantislandspace.com\/de\/wp-json\/wp\/v2\/media\/4717"}],"wp:attachment":[{"href":"https:\/\/giantislandspace.com\/de\/wp-json\/wp\/v2\/media?parent=4677"}],"wp:term":[{"taxonomy":"brand","embeddable":true,"href":"https:\/\/giantislandspace.com\/de\/wp-json\/wp\/v2\/etheme_brands?post=4677"},{"taxonomy":"product_brand","embeddable":true,"href":"https:\/\/giantislandspace.com\/de\/wp-json\/wp\/v2\/product_brand?post=4677"},{"taxonomy":"product_cat","embeddable":true,"href":"https:\/\/giantislandspace.com\/de\/wp-json\/wp\/v2\/product_cat?post=4677"},{"taxonomy":"product_tag","embeddable":true,"href":"https:\/\/giantislandspace.com\/de\/wp-json\/wp\/v2\/product_tag?post=4677"}],"curies":[{"name":"wp","href":"https:\/\/api.w.org\/{rel}","templated":true}]}}