{"id":4673,"date":"2025-06-11T16:55:11","date_gmt":"2025-06-11T16:55:11","guid":{"rendered":"https:\/\/giantislandspace.com\/?post_type=product&#038;p=4673"},"modified":"2025-06-13T02:26:05","modified_gmt":"2025-06-13T02:26:05","slug":"trap-shooting","status":"publish","type":"product","link":"https:\/\/giantislandspace.com\/de\/produkt\/trap-shooting\/","title":{"rendered":"Trap-Schie\u00dfen"},"content":{"rendered":"","protected":false},"excerpt":{"rendered":"<p>Achten Sie auf die fliegende Untertasse in der Spieloberfl\u00e4che, zielen Sie mit dem Gewehr und versuchen Sie, sie so oft wie m\u00f6glich abzuschie\u00dfen, dreimal pro Spiel, und k\u00f6nnen jedes Mal drei Sch\u00fcsse abgeben.<\/p>","protected":false},"featured_media":4705,"comment_status":"open","ping_status":"closed","template":"","meta":[],"etheme_brands":[],"product_brand":[],"product_cat":[78],"product_tag":[],"class_list":{"0":"post-4673","1":"product","2":"type-product","3":"status-publish","4":"has-post-thumbnail","6":"product_cat-digital-sports-equipment","8":"first","9":"instock","10":"shipping-taxable","11":"product-type-simple"},"jetpack_sharing_enabled":true,"_links":{"self":[{"href":"https:\/\/giantislandspace.com\/de\/wp-json\/wp\/v2\/product\/4673","targetHints":{"allow":["GET"]}}],"collection":[{"href":"https:\/\/giantislandspace.com\/de\/wp-json\/wp\/v2\/product"}],"about":[{"href":"https:\/\/giantislandspace.com\/de\/wp-json\/wp\/v2\/types\/product"}],"replies":[{"embeddable":true,"href":"https:\/\/giantislandspace.com\/de\/wp-json\/wp\/v2\/comments?post=4673"}],"version-history":[{"count":1,"href":"https:\/\/giantislandspace.com\/de\/wp-json\/wp\/v2\/product\/4673\/revisions"}],"predecessor-version":[{"id":4707,"href":"https:\/\/giantislandspace.com\/de\/wp-json\/wp\/v2\/product\/4673\/revisions\/4707"}],"wp:featuredmedia":[{"embeddable":true,"href":"https:\/\/giantislandspace.com\/de\/wp-json\/wp\/v2\/media\/4705"}],"wp:attachment":[{"href":"https:\/\/giantislandspace.com\/de\/wp-json\/wp\/v2\/media?parent=4673"}],"wp:term":[{"taxonomy":"brand","embeddable":true,"href":"https:\/\/giantislandspace.com\/de\/wp-json\/wp\/v2\/etheme_brands?post=4673"},{"taxonomy":"product_brand","embeddable":true,"href":"https:\/\/giantislandspace.com\/de\/wp-json\/wp\/v2\/product_brand?post=4673"},{"taxonomy":"product_cat","embeddable":true,"href":"https:\/\/giantislandspace.com\/de\/wp-json\/wp\/v2\/product_cat?post=4673"},{"taxonomy":"product_tag","embeddable":true,"href":"https:\/\/giantislandspace.com\/de\/wp-json\/wp\/v2\/product_tag?post=4673"}],"curies":[{"name":"wp","href":"https:\/\/api.w.org\/{rel}","templated":true}]}}