{"id":4669,"date":"2025-06-11T16:55:07","date_gmt":"2025-06-11T16:55:07","guid":{"rendered":"https:\/\/giantislandspace.com\/?post_type=product&#038;p=4669"},"modified":"2025-06-13T02:26:21","modified_gmt":"2025-06-13T02:26:21","slug":"cage-baseball","status":"publish","type":"product","link":"https:\/\/giantislandspace.com\/de\/produkt\/cage-baseball\/","title":{"rendered":"K\u00e4fig-Baseball"},"content":{"rendered":"","protected":false},"excerpt":{"rendered":"<p>Dies stellt nicht nur den echten Wettbewerb auf dem Spielfeld wieder her, sondern erm\u00f6glicht es den Spielern auch, den Spa\u00df am Spiel besser zu genie\u00dfen, sich in Ass-Spieler zu verwandeln und die st\u00e4rksten Spieler auf dem Feld zu werden.<\/p>","protected":false},"featured_media":4687,"comment_status":"open","ping_status":"closed","template":"","meta":[],"etheme_brands":[],"product_brand":[],"product_cat":[78],"product_tag":[],"class_list":{"0":"post-4669","1":"product","2":"type-product","3":"status-publish","4":"has-post-thumbnail","6":"product_cat-digital-sports-equipment","8":"first","9":"instock","10":"shipping-taxable","11":"product-type-simple"},"jetpack_sharing_enabled":true,"_links":{"self":[{"href":"https:\/\/giantislandspace.com\/de\/wp-json\/wp\/v2\/product\/4669","targetHints":{"allow":["GET"]}}],"collection":[{"href":"https:\/\/giantislandspace.com\/de\/wp-json\/wp\/v2\/product"}],"about":[{"href":"https:\/\/giantislandspace.com\/de\/wp-json\/wp\/v2\/types\/product"}],"replies":[{"embeddable":true,"href":"https:\/\/giantislandspace.com\/de\/wp-json\/wp\/v2\/comments?post=4669"}],"version-history":[{"count":1,"href":"https:\/\/giantislandspace.com\/de\/wp-json\/wp\/v2\/product\/4669\/revisions"}],"predecessor-version":[{"id":4688,"href":"https:\/\/giantislandspace.com\/de\/wp-json\/wp\/v2\/product\/4669\/revisions\/4688"}],"wp:featuredmedia":[{"embeddable":true,"href":"https:\/\/giantislandspace.com\/de\/wp-json\/wp\/v2\/media\/4687"}],"wp:attachment":[{"href":"https:\/\/giantislandspace.com\/de\/wp-json\/wp\/v2\/media?parent=4669"}],"wp:term":[{"taxonomy":"brand","embeddable":true,"href":"https:\/\/giantislandspace.com\/de\/wp-json\/wp\/v2\/etheme_brands?post=4669"},{"taxonomy":"product_brand","embeddable":true,"href":"https:\/\/giantislandspace.com\/de\/wp-json\/wp\/v2\/product_brand?post=4669"},{"taxonomy":"product_cat","embeddable":true,"href":"https:\/\/giantislandspace.com\/de\/wp-json\/wp\/v2\/product_cat?post=4669"},{"taxonomy":"product_tag","embeddable":true,"href":"https:\/\/giantislandspace.com\/de\/wp-json\/wp\/v2\/product_tag?post=4669"}],"curies":[{"name":"wp","href":"https:\/\/api.w.org\/{rel}","templated":true}]}}