{"id":4633,"date":"2025-06-11T16:02:28","date_gmt":"2025-06-11T16:02:28","guid":{"rendered":"https:\/\/giantislandspace.com\/?post_type=product&#038;p=4633"},"modified":"2025-06-11T16:03:56","modified_gmt":"2025-06-11T16:03:56","slug":"donut-slide-scream-slide","status":"publish","type":"product","link":"https:\/\/giantislandspace.com\/de\/produkt\/donut-slide-scream-slide\/","title":{"rendered":"Donut-Rutsche + Schrei-Rutsche"},"content":{"rendered":"","protected":false},"excerpt":{"rendered":"<p>Da die immersive Technologie Unterhaltung, Bildung und interaktive Ausstellungen neu definiert, setzen immer mehr Veranstaltungsorte auf die <strong data-start=\"338\" data-end=\"372\">Digital Traverse Immersive Pod<\/strong> um das Engagement zu erh\u00f6hen und die Besucherzahlen zu steigern. Hier finden Sie drei reale Anwendungsf\u00e4lle, die die Vielseitigkeit und den gesch\u00e4ftlichen Nutzen dieser innovativen L\u00f6sung zeigen.<\/p>","protected":false},"featured_media":4639,"comment_status":"open","ping_status":"closed","template":"","meta":[],"etheme_brands":[],"product_brand":[],"product_cat":[35],"product_tag":[],"class_list":{"0":"post-4633","1":"product","2":"type-product","3":"status-publish","4":"has-post-thumbnail","6":"product_cat-extreme-play","8":"first","9":"instock","10":"shipping-taxable","11":"product-type-simple"},"jetpack_sharing_enabled":true,"_links":{"self":[{"href":"https:\/\/giantislandspace.com\/de\/wp-json\/wp\/v2\/product\/4633","targetHints":{"allow":["GET"]}}],"collection":[{"href":"https:\/\/giantislandspace.com\/de\/wp-json\/wp\/v2\/product"}],"about":[{"href":"https:\/\/giantislandspace.com\/de\/wp-json\/wp\/v2\/types\/product"}],"replies":[{"embeddable":true,"href":"https:\/\/giantislandspace.com\/de\/wp-json\/wp\/v2\/comments?post=4633"}],"version-history":[{"count":1,"href":"https:\/\/giantislandspace.com\/de\/wp-json\/wp\/v2\/product\/4633\/revisions"}],"predecessor-version":[{"id":4643,"href":"https:\/\/giantislandspace.com\/de\/wp-json\/wp\/v2\/product\/4633\/revisions\/4643"}],"wp:featuredmedia":[{"embeddable":true,"href":"https:\/\/giantislandspace.com\/de\/wp-json\/wp\/v2\/media\/4639"}],"wp:attachment":[{"href":"https:\/\/giantislandspace.com\/de\/wp-json\/wp\/v2\/media?parent=4633"}],"wp:term":[{"taxonomy":"brand","embeddable":true,"href":"https:\/\/giantislandspace.com\/de\/wp-json\/wp\/v2\/etheme_brands?post=4633"},{"taxonomy":"product_brand","embeddable":true,"href":"https:\/\/giantislandspace.com\/de\/wp-json\/wp\/v2\/product_brand?post=4633"},{"taxonomy":"product_cat","embeddable":true,"href":"https:\/\/giantislandspace.com\/de\/wp-json\/wp\/v2\/product_cat?post=4633"},{"taxonomy":"product_tag","embeddable":true,"href":"https:\/\/giantislandspace.com\/de\/wp-json\/wp\/v2\/product_tag?post=4633"}],"curies":[{"name":"wp","href":"https:\/\/api.w.org\/{rel}","templated":true}]}}